{"id":6736,"date":"2020-07-10T13:01:17","date_gmt":"2020-07-10T11:01:17","guid":{"rendered":"https:\/\/klimacamp.at\/?page_id=6736"},"modified":"2020-08-12T17:04:05","modified_gmt":"2020-08-12T15:04:05","slug":"utopien","status":"publish","type":"page","link":"https:\/\/klimacamp.at\/en\/utopien\/","title":{"rendered":"Welche Rolle spielen Utopien in unseren politischen K\u00e4mpfen?"},"content":{"rendered":"<p><em>This course will be conducted in German, if you need English whisper translation please let us know in your registration.<\/em><\/p>\n<p>\u25b6\ufe0f \u25b6\ufe0f Anmeldung: <a href=\"https:\/\/survey.klimacamp.at\/index.php\/911594?lang=de\">hier<\/a> \u25c0\ufe0f \u25c0\ufe0f<\/p>\n<p>\u201eMensch sitzt zusammen, oft mit wildfremden Menschen, f\u00fchrt endlose Diskussionen \u2013 und der gemeinsame Traum g\u00e4hnt gelangweilt in der Ecke.\u201c<\/p>\n<p>Wer Tr\u00e4ume hat, provoziert alle Phanstasielosen. So zu tun, als seien Utopien lebbar, ist aber nicht naiv und verblendet, sondern verschafft uns Handlungsspielr\u00e4ume.<\/p>\n<p>Auf der ganzen Welt verstreut gibt es Leute, die bereits begonnen haben, ihre Utopien im Kleinen oder im Gro\u00dfen umzusetzen: Von Wikipedia \u00fcber solidarische Landprojekte wie CSAs bis hin zu Wagenpl\u00e4tzen, Hausprojekten, Hofkollektiven.<\/p>\n<p>Um Utopien zu spinnen, wollen wir uns nicht von Expert_innentum \u00fcberrollen lassen.<\/p>\n<p>Als Diskussionsgrundlage h\u00f6ren wir uns trotzdem Berichte und \u00dcberlegungen aus der Praxis an:<br \/>\nAm 2. und 3. Tag haben wir Zeit mit <strong>Tina vom Wieserhoisl<\/strong> <strong>Hofkollektiv<\/strong> und mit <strong>Sara von Ouvertura.<\/strong><\/p>\n<p><strong>Anneke vom Hofkollektiv Welten-Ende<\/strong> hosted diesen Workshop und bereitet kleine theoretische Inputs f\u00fcr zwischendurch vor.<\/p>\n<p>Zu diesem Workshop sind alle eingeladen, sich auszutauschen und neue \u00dcberlegungen zu spinnen \u2013 egal, wie lange oder kurz deine Erfahrungen mit Utopien sind, oder ob du in einem Projekt involviert bist oder nicht.<\/p>\n<p>&nbsp;<\/p>\n","protected":false},"excerpt":{"rendered":"<p>This course will be conducted in German, if you need English whisper translation please let us know in your registration. \u25b6\ufe0f \u25b6\ufe0f Anmeldung: hier \u25c0\ufe0f \u25c0\ufe0f \u201eMensch sitzt zusammen, oft mit wildfremden Menschen, f\u00fchrt endlose Diskussionen \u2013 und der gemeinsame Traum g\u00e4hnt gelangweilt in der Ecke.\u201c Wer Tr\u00e4ume hat, provoziert alle Phanstasielosen. So zu tun, [&hellip;]<\/p>\n","protected":false},"author":1,"featured_media":0,"parent":0,"menu_order":0,"comment_status":"closed","ping_status":"closed","template":"","meta":{"_acf_changed":false,"inline_featured_image":false,"footnotes":""},"class_list":["post-6736","page","type-page","status-publish","hentry"],"acf":[],"_links":{"self":[{"href":"https:\/\/klimacamp.at\/en\/wp-json\/wp\/v2\/pages\/6736","targetHints":{"allow":["GET"]}}],"collection":[{"href":"https:\/\/klimacamp.at\/en\/wp-json\/wp\/v2\/pages"}],"about":[{"href":"https:\/\/klimacamp.at\/en\/wp-json\/wp\/v2\/types\/page"}],"author":[{"embeddable":true,"href":"https:\/\/klimacamp.at\/en\/wp-json\/wp\/v2\/users\/1"}],"replies":[{"embeddable":true,"href":"https:\/\/klimacamp.at\/en\/wp-json\/wp\/v2\/comments?post=6736"}],"version-history":[{"count":6,"href":"https:\/\/klimacamp.at\/en\/wp-json\/wp\/v2\/pages\/6736\/revisions"}],"predecessor-version":[{"id":7247,"href":"https:\/\/klimacamp.at\/en\/wp-json\/wp\/v2\/pages\/6736\/revisions\/7247"}],"wp:attachment":[{"href":"https:\/\/klimacamp.at\/en\/wp-json\/wp\/v2\/media?parent=6736"}],"curies":[{"name":"wp","href":"https:\/\/api.w.org\/{rel}","templated":true}]}}