{"id":6728,"date":"2020-07-10T12:59:08","date_gmt":"2020-07-10T10:59:08","guid":{"rendered":"https:\/\/klimacamp.at\/?page_id=6728"},"modified":"2020-07-12T12:00:40","modified_gmt":"2020-07-12T10:00:40","slug":"mobilitaet","status":"publish","type":"page","link":"https:\/\/klimacamp.at\/en\/mobilitaet\/","title":{"rendered":"richtiger Verkehr im falschen?"},"content":{"rendered":"<p><em>This course will be conducted in German, if you need English whisper translation please let us know in your registration.<\/em><strong><\/p>\n<p>\u25b6\ufe0f \u25b6\ufe0f Anmeldung: <a href=\"https:\/\/survey.klimacamp.at\/index.php\/911594?lang=de\">hier<\/a> \u25c0\ufe0f \u25c0\ufe0f<br \/>\n<\/strong><br \/>\nDas Deutsche erlaubt seinen Sprecher*innen den Verkehr nicht nur auf der Stra\u00dfe sondern auch im Bett. Was ist verkehrt am Verkehr? Die \u00d6kodiktatur will dem kleinen Mann noch seine letzte Freiheit nehmen, hei\u00dft es. Aber welche Freiheit eigentlich? Aus dem Luxussport f\u00fcr reiche Dandys ist eine Plage der St\u00e4dte geworden, aus der Charakterst\u00fctze f\u00fcr reiche Snobs eine Kr\u00fccke f\u00fcr Jedermann. Das Auto hat unsere Imagination kolonisiert, aber vor allem die m\u00e4nnliche. In dem Seminar wollen wir zun\u00e4chst unsere Vorstellungswelt entkolonisieren. Wir werden sehen, warum der Autoverkehr strukturell anti-feminstisch ist und lustfeindlich, warum nicht zuf\u00e4llig gerade der \u00f6sterreichische Postkartenmaler den Deutschen die Autobahn gestiftet hat. Wir werden lernen, uns eine bessere Welt ohne Autos vorzustellen, bevor wir andere davon \u00fcberzeugen k\u00f6nnen. Denn, Feminismus hei\u00dft Befreiung vom Auto, Entnazifizierung hei\u00dft Autobahnstopp und Klimagerechtigkeit hei\u00dft Verkehrswende!<\/p>\n<p>Der Workshop wird von der <strong>Gruppe Sand-im-Getriebe<\/strong> angeboten.<\/p>\n<p>Der <strong>erste Ta<\/strong>g widmet sich dem Aufstieg des Automobils zur Weltherrschaft, der <strong>zweite<\/strong> unserer pers\u00f6nlichen Verstrickung darin. Am <strong>dritte Tag<\/strong> wollen wir zusammen mit \u00f6sterreichischen Gruppen nach n\u00e4chsten Schritten der Zusammenarbeit und der Intervention suchen. Am <strong>vierten Tag<\/strong> werden wir daraus ein Res\u00fcmee ziehen und dem Klimacamp unsere Strategie vorstellen.<\/p>\n<p><strong>\u25b6\ufe0f \u25b6\ufe0f Anmeldung: <a href=\"https:\/\/survey.klimacamp.at\/index.php\/911594?lang=de\">hier<\/a> \u25c0\ufe0f \u25c0\ufe0f<\/strong><\/p>\n","protected":false},"excerpt":{"rendered":"<p>This course will be conducted in German, if you need English whisper translation please let us know in your registration. \u25b6\ufe0f \u25b6\ufe0f Anmeldung: hier \u25c0\ufe0f \u25c0\ufe0f Das Deutsche erlaubt seinen Sprecher*innen den Verkehr nicht nur auf der Stra\u00dfe sondern auch im Bett. Was ist verkehrt am Verkehr? Die \u00d6kodiktatur will dem kleinen Mann noch seine [&hellip;]<\/p>\n","protected":false},"author":1,"featured_media":0,"parent":0,"menu_order":0,"comment_status":"closed","ping_status":"closed","template":"","meta":{"_acf_changed":false,"inline_featured_image":false,"footnotes":""},"class_list":["post-6728","page","type-page","status-publish","hentry"],"acf":[],"_links":{"self":[{"href":"https:\/\/klimacamp.at\/en\/wp-json\/wp\/v2\/pages\/6728","targetHints":{"allow":["GET"]}}],"collection":[{"href":"https:\/\/klimacamp.at\/en\/wp-json\/wp\/v2\/pages"}],"about":[{"href":"https:\/\/klimacamp.at\/en\/wp-json\/wp\/v2\/types\/page"}],"author":[{"embeddable":true,"href":"https:\/\/klimacamp.at\/en\/wp-json\/wp\/v2\/users\/1"}],"replies":[{"embeddable":true,"href":"https:\/\/klimacamp.at\/en\/wp-json\/wp\/v2\/comments?post=6728"}],"version-history":[{"count":5,"href":"https:\/\/klimacamp.at\/en\/wp-json\/wp\/v2\/pages\/6728\/revisions"}],"predecessor-version":[{"id":6768,"href":"https:\/\/klimacamp.at\/en\/wp-json\/wp\/v2\/pages\/6728\/revisions\/6768"}],"wp:attachment":[{"href":"https:\/\/klimacamp.at\/en\/wp-json\/wp\/v2\/media?parent=6728"}],"curies":[{"name":"wp","href":"https:\/\/api.w.org\/{rel}","templated":true}]}}