{"id":6715,"date":"2020-07-10T13:03:37","date_gmt":"2020-07-10T11:03:37","guid":{"rendered":"https:\/\/klimacamp.at\/?page_id=6715"},"modified":"2020-07-12T11:59:04","modified_gmt":"2020-07-12T09:59:04","slug":"creative-change","status":"publish","type":"page","link":"https:\/\/klimacamp.at\/en\/creative-change\/","title":{"rendered":"Creative Change"},"content":{"rendered":"<p><em>This course will be conducted in German, if you need English whisper translation please let us know in your registration.<\/em><\/p>\n<p>\u25b6\ufe0f \u25b6\ufe0f <a href=\"https:\/\/survey.klimacamp.at\/index.php\/911594?lang=de\">Anmeldung: hier<\/a> \u25c0\ufe0f \u25c0\ufe0f<\/p>\n<p>Pl\u00f6tzlich erscheinen neben einer Demonstration Menschen in Einkaufsw\u00e4gen, die sich mit M\u00fclls\u00e4cken selbst strangulieren. In der Fu\u00dfg\u00e4ngerzonen sammeln Schauspieler_innen klimagerechte Utopien von Passant_innen und spielen diese diesen vor. Laut vorgetragene Schlagzeilen aus Zeitungen beschreiben wie ideologisch und kapitalistisch \u00fcber die Klimakrise debattiert werden. An einem lauen Sommerabend zeigt eine <strong>Theatergruppe<\/strong> ein St\u00fcck \u00fcber Klimagerechtigkeit und l\u00e4dt die Zuschauer_innen auf die B\u00fchne ein um \u00fcber Alternativen zu debattieren. Die M\u00f6glichkeiten theatralen und kreativen Aktivismus sind schier unbegrenzt!<\/p>\n<p>In dieser Summer School werden euch verschiedene Trainer_innen in <strong>die magische Welt kreativer und theatraler aktivistischer Methoden<\/strong> einf\u00fchren, insbesondere mit<strong> Theater der Unterdr\u00fcckten<\/strong>. Wie kreieren wir starke Bilder und Metaphern f\u00fcr die multiple \u00f6kologische Krisen? Wie ber\u00fchren wir Menschen, damit sie f\u00fcr den Wandel aktiv werden? Wie ziehen wir schnell Aufmerksamkeit auf uns? Wie kann Theater uns helfen die Auswirkungen der Krise zu verarbeiten und Resilienz und Handlungsf\u00e4higkeit angesichts der Systemkrisen zu entwickeln?<\/p>\n<p>In <strong>Kooperation mit der internationalen Forumtheaterbewegung f\u00fcr Klimagerechtigkeit, Resilient Revolt, TdU Wien und ActinGreen.<\/strong><\/p>\n<p>\u25b6\ufe0f \u25b6\ufe0f <a href=\"https:\/\/survey.klimacamp.at\/index.php\/911594?lang=de\">Anmeldung: hier<\/a> \u25c0\ufe0f \u25c0\ufe0f<\/p>\n","protected":false},"excerpt":{"rendered":"<p>This course will be conducted in German, if you need English whisper translation please let us know in your registration. \u25b6\ufe0f \u25b6\ufe0f Anmeldung: hier \u25c0\ufe0f \u25c0\ufe0f Pl\u00f6tzlich erscheinen neben einer Demonstration Menschen in Einkaufsw\u00e4gen, die sich mit M\u00fclls\u00e4cken selbst strangulieren. In der Fu\u00dfg\u00e4ngerzonen sammeln Schauspieler_innen klimagerechte Utopien von Passant_innen und spielen diese diesen vor. Laut [&hellip;]<\/p>\n","protected":false},"author":1,"featured_media":0,"parent":0,"menu_order":0,"comment_status":"closed","ping_status":"closed","template":"","meta":{"_acf_changed":false,"inline_featured_image":false,"footnotes":""},"class_list":["post-6715","page","type-page","status-publish","hentry"],"acf":[],"_links":{"self":[{"href":"https:\/\/klimacamp.at\/en\/wp-json\/wp\/v2\/pages\/6715","targetHints":{"allow":["GET"]}}],"collection":[{"href":"https:\/\/klimacamp.at\/en\/wp-json\/wp\/v2\/pages"}],"about":[{"href":"https:\/\/klimacamp.at\/en\/wp-json\/wp\/v2\/types\/page"}],"author":[{"embeddable":true,"href":"https:\/\/klimacamp.at\/en\/wp-json\/wp\/v2\/users\/1"}],"replies":[{"embeddable":true,"href":"https:\/\/klimacamp.at\/en\/wp-json\/wp\/v2\/comments?post=6715"}],"version-history":[{"count":8,"href":"https:\/\/klimacamp.at\/en\/wp-json\/wp\/v2\/pages\/6715\/revisions"}],"predecessor-version":[{"id":6766,"href":"https:\/\/klimacamp.at\/en\/wp-json\/wp\/v2\/pages\/6715\/revisions\/6766"}],"wp:attachment":[{"href":"https:\/\/klimacamp.at\/en\/wp-json\/wp\/v2\/media?parent=6715"}],"curies":[{"name":"wp","href":"https:\/\/api.w.org\/{rel}","templated":true}]}}