{"id":6708,"date":"2020-07-10T13:03:30","date_gmt":"2020-07-10T11:03:30","guid":{"rendered":"https:\/\/klimacamp.at\/?page_id=6708"},"modified":"2021-04-08T19:13:38","modified_gmt":"2021-04-08T17:13:38","slug":"antirassismus","status":"publish","type":"page","link":"https:\/\/klimacamp.at\/en\/antirassismus\/","title":{"rendered":"How anti-racist is your environmental awareness practice?"},"content":{"rendered":"<p class=\"western\" lang=\"de-DE\"><span style=\"color: #000000;\"><span style=\"font-size: medium;\"><em>This course will be conducted in English, if you need German whisper translation let us know in your registration.<\/em><br \/>\n<em>Dieser Kurs wird in Englisch durchgef\u00fchrt. Falls du \u00dcbersetzung ins Deutsche brauchst, gib das bitte in deiner Anmeldung an. <\/em><\/span><\/span><\/p>\n<p>\u25b6\ufe0f \u25b6\ufe0f <a href=\"https:\/\/sommerschool2021.limesurvey.net\/936847\">Registration: Summer School<\/a> \u25c0\ufe0f \u25c0\ufe0f<\/p>\n<p>This workshop focuses on what has been the history of more than 500 years of oppression and exploitation developed due to the colonial capitalist system which still replicates today giving as a result what we call the &#8220;Climate Change&#8221;. Beginning with the slave trade into the present system of extractivism and looting, we revise how the history of colonialism has marked every single aspect of our life as modern subjects.<\/p>\n<p class=\"western\" lang=\"de-DE\"><span style=\"color: #000000;\"><span style=\"font-size: medium;\">This workshop also gives space to think and share together what are our daily practices of action against this panorama of death, as well as putting an eye on our privilege as activists living in Central Europe. We analyse the possibilities of developing a supportive activism that goes alone with the ones putting their bodies in the Rest of the world. <\/span><\/span><\/p>\n<p class=\"western\" lang=\"en-AU\"><span style=\"color: #222222;\"><span style=\"font-size: medium;\"><b>First Day <em>(<\/em><\/b><\/span><\/span><em><span style=\"color: #222222;\"><span style=\"font-size: medium;\"><b>English, Deutsch)<br \/>\n<\/b><\/span><\/span><\/em><span style=\"color: #222222;\"><span style=\"font-size: medium;\"><span lang=\"en-AU\">We see the historical process from pre-capitalist Europe to the beginning of the Colonial and Capitalist times. Conformation of the modern states and the classification of humanity by race, class and gender. European profit from the Slave Trade. Revolutionary projects of resistance: Haitian Revolution. Ex-colonies Independentist wars: the cases of Sudamerican, and West African countries.<\/span><\/span><\/span><\/p>\n<p class=\"western\" lang=\"de-DE\"><span style=\"color: #222222;\"><span style=\"font-size: medium;\"><span lang=\"en-AU\"><b>Second Day <em>(<\/em><em>English, Deutsch)<br \/>\n<\/em><\/b><\/span><\/span><\/span><span style=\"color: #222222;\"><span style=\"font-size: medium;\"><span lang=\"en-AU\">We analyse the context post slavery of the N<\/span><\/span><\/span><span style=\"color: #222222;\"><span style=\"font-size: medium;\"><span lang=\"en-AU\">eocolonialism with the reorganization of the land ownership and labour force The fracture of Nature vs. Human. New form of profit: land expropriation, mining, extensive agriculture, tourism, white NGO&#8217;s system in \u201ccooperation\u201d with the Global South. Systematic genocide of indigenous and black leaders.<\/span><\/span><\/span><\/p>\n<p class=\"western\" lang=\"en-AU\"><span style=\"color: #222222;\"><span style=\"font-size: medium;\"><b>Third Day <em>(<\/em><em>English, Deutsch)<br \/>\n<\/em><\/b><\/span><\/span><span style=\"color: #222222;\"><span style=\"font-size: medium;\"><span lang=\"en-AU\">Colective work on knowledge exchange and formation of a \u201cmap of destruction\u201d, with present production and circulation of food and services between the South and Europe. Indentification of Austrian industries and enterprises with colonial history. Categories of \u201crich\u201d and \u201cpoor\u201d, \u201cwell-being\u201d and Western ideas of a \u201cprogresive future\u201d. <\/span><\/span><\/span><\/p>\n<p class=\"western\" lang=\"en-AU\"><span style=\"color: #222222;\"><span style=\"font-size: medium;\"><b>Forth Day <em>(En Espa\u00f1ol with English\/German Translation)<br \/>\n<\/em><\/b><\/span><\/span><strong><span style=\"color: #222222;\"><span style=\"font-size: medium;\">In Charge of Vivian Crespo Zurita<\/span><\/span><\/strong><\/p>\n<p class=\"western\" lang=\"de-DE\"><span style=\"color: #222222;\"><span style=\"font-size: medium;\"><span lang=\"en-AU\">Este es un taller donde aprenderemos a c\u00f3mo realizar un altar para la madre tierra, agradeciendole todo lo que nos da y nos sigue dando, inclusive a pesar de c\u00f3mo la maltratamos. Armaremos juntes una ofrenda a la madre tierra, y le brindaremos alimento, canciones, oraciones, danza y m\u00fasica. <\/span><\/span><\/span><\/p>\n<p class=\"western\" lang=\"de-DE\"><span style=\"color: #222222;\"><span style=\"font-size: medium;\"><span lang=\"en-AU\"><b>Recommended Bibliography<\/b><\/span><\/span><\/span><span style=\"color: #222222;\"><span style=\"font-size: medium;\"><span lang=\"en-AU\">: Oyeronke Oyewumi, Silvia Federici, Gladys Tzul Tzul, Arturo Escobar, Angela Davis, Anibal Quijano, Yuderkys Espinosa Mi\u00f1oso.<\/span><\/span><\/span><\/p>\n<p class=\"western\" lang=\"en-AU\"><span style=\"color: #222222;\"><span style=\"font-size: medium;\"><b><strong>\u25b6\ufe0f \u25b6\ufe0f <a href=\"https:\/\/sommerschool2021.limesurvey.net\/936847\">Registration: Summer School<\/a> \u25c0\ufe0f \u25c0\ufe0f<\/strong><\/b><\/span><\/span><\/p>\n<p>Bios<br \/>\n<span style=\"color: #222222;\"><span style=\"font-size: medium;\"><span lang=\"en-AU\"><strong>Lia<\/strong> is a Caribbean migrant, editor, and artist. Through all her work she emphasizes the importance of a political conscience against racism, colonialism, imperialism, and capitalism. As well as the necesity of a resistance by joy, earth, spirituality, and collective work.<br \/>\n<\/span><\/span><\/span><span style=\"color: #000000;\"><span style=\"font-size: medium;\"><strong>Mariama<\/strong>. Migrantin, Aktivistin und Panafrikaniste. Sie wurde in Kamsar Guinea-Westafrika, in einem Land im Herzen Afrikas geboren. Sie geh\u00f6rt zur neuen Generation der Frauen, die sich mit der postkolonialen afrikanischen Geschichte von Unterdr\u00fcckung und Ausbeutung besch\u00e4ftige.<br \/>\n<\/span><\/span><span style=\"color: #000000;\"><span style=\"font-size: medium;\"><strong>Vivian Crespo Zurit<\/strong>a is a Cuban autodidactic multidisciplinary artist who has been living in Vienna since 2015. In 2018 she enrolled at the Academy of Fine Arts in Vienna, in the Contextual Painting Class. She mainly focuses her work on spiritual, anti-racist, anti-fascist, feminist, ecological and solidarity topics. She works with painting, performance, music, and spoken word. Her works have been exhibited in Planet 10, Rosa Lila Villa, VHS- Penzing, WUK-Frauenzentrum, Verein Bildender K\u00fcnstlerinnen \u00d6sterreich, Galerie am Park, among other galleries and spaces. <\/span><\/span><\/p>\n","protected":false},"excerpt":{"rendered":"<p>This course will be conducted in English, if you need German whisper translation let us know in your registration. Dieser Kurs wird in Englisch durchgef\u00fchrt. Falls du \u00dcbersetzung ins Deutsche brauchst, gib das bitte in deiner Anmeldung an. \u25b6\ufe0f \u25b6\ufe0f Registration: Summer School \u25c0\ufe0f \u25c0\ufe0f This workshop focuses on what has been the history of [&hellip;]<\/p>\n","protected":false},"author":1,"featured_media":0,"parent":0,"menu_order":0,"comment_status":"closed","ping_status":"closed","template":"","meta":{"_acf_changed":false,"inline_featured_image":false,"footnotes":""},"class_list":["post-6708","page","type-page","status-publish","hentry"],"acf":[],"_links":{"self":[{"href":"https:\/\/klimacamp.at\/en\/wp-json\/wp\/v2\/pages\/6708","targetHints":{"allow":["GET"]}}],"collection":[{"href":"https:\/\/klimacamp.at\/en\/wp-json\/wp\/v2\/pages"}],"about":[{"href":"https:\/\/klimacamp.at\/en\/wp-json\/wp\/v2\/types\/page"}],"author":[{"embeddable":true,"href":"https:\/\/klimacamp.at\/en\/wp-json\/wp\/v2\/users\/1"}],"replies":[{"embeddable":true,"href":"https:\/\/klimacamp.at\/en\/wp-json\/wp\/v2\/comments?post=6708"}],"version-history":[{"count":11,"href":"https:\/\/klimacamp.at\/en\/wp-json\/wp\/v2\/pages\/6708\/revisions"}],"predecessor-version":[{"id":11996,"href":"https:\/\/klimacamp.at\/en\/wp-json\/wp\/v2\/pages\/6708\/revisions\/11996"}],"wp:attachment":[{"href":"https:\/\/klimacamp.at\/en\/wp-json\/wp\/v2\/media?parent=6708"}],"curies":[{"name":"wp","href":"https:\/\/api.w.org\/{rel}","templated":true}]}}