{"id":24447,"date":"2026-03-20T13:32:03","date_gmt":"2026-03-20T12:32:03","guid":{"rendered":"https:\/\/klimacamp.at\/?page_id=24447"},"modified":"2026-04-11T17:02:51","modified_gmt":"2026-04-11T15:02:51","slug":"call-for-abendprogramme-2026","status":"publish","type":"page","link":"https:\/\/klimacamp.at\/en\/call-for-abendprogramme-2026\/","title":{"rendered":"Call for Abendprogramme 2026!"},"content":{"rendered":"\n<p class=\"has-text-align-center has-large-font-size\">Call for Abendprogramme 2026!<\/p>\n\n\n\n<p class=\"has-text-align-center\">&#8212;&#8212; English version below &#8212;&#8212;<\/p>\n\n\n\n<p class=\"has-medium-font-size\">Das&nbsp;Klimacamp&nbsp;findet heuer vom&nbsp;<strong>17. bis zum 23. Mai in der N\u00e4he der Lobau<\/strong>&nbsp;statt, wobei wir unseren Fokus auf die Themen&nbsp;<strong>Klima, Soziales und die imperiale Gesamtschei\u00dfe<\/strong>&nbsp;legen. Genaueres zum diesj\u00e4hrigen Fokus findet ihr <a href=\"https:\/\/klimacamp.at\/call-for-workshops-2026\/\" data-type=\"page\" data-id=\"24408\">hier<\/a>.<\/p>\n\n\n\n<p class=\"has-medium-font-size\">Wir suchen unter anderem Personen und Gruppen die gerne mit ihrem Talent zum Abendprogramm beitragen wollen. Wir w\u00fcrden uns sehr freuen, wenn du\/ihr Lust habt Teil des Klimacamp 2026 zu sein!<\/p>\n\n\n\n<p class=\"has-medium-font-size\"><strong>Meldet euch gerne bis zum 17. April 2026 \u00fcber den <a href=\"https:\/\/survey.klimacamp.at\/index.php\/983958?lang=de\">diesen Link<\/a> an!<\/strong><\/p>\n\n\n\n<p class=\"has-medium-font-size\">Leitet den Link auch gerne an&nbsp; andere Menschen oder Gruppen weiter, die eurer Meinung nach ein super Act f\u00fcr das Abendprogramm am Klimacamp w\u00e4ren.&nbsp;<\/p>\n\n\n\n<p class=\"has-medium-font-size\"><a href=\"mailto:programm@klimacamp.at\">Kontaktiert uns<\/a> gerne bei Fragen oder wenn ihr mit uns R\u00fccksprache halten wollt!<\/p>\n\n\n\n<hr class=\"wp-block-separator has-alpha-channel-opacity\"\/>\n\n\n\n<p class=\"has-text-align-center\">ENGLISH VERSION<\/p>\n\n\n\n<hr class=\"wp-block-separator has-alpha-channel-opacity\"\/>\n\n\n\n<p><\/p>\n\n\n\n<p class=\"has-text-align-center has-large-font-size\">Call for Evening Programs!<\/p>\n\n\n\n<p><\/p>\n\n\n\n<p class=\"has-medium-font-size\">This year&#8217;s Klimacamp will take place from <strong>17th to 23rd&nbsp;of&nbsp;May close to Lobau<\/strong>, where we will focus on<strong>climate and social issues<\/strong>. You can find more details about this year&#8217;s focus <a href=\"https:\/\/klimacamp.at\/call-for-workshops-2026\/\" data-type=\"page\" data-id=\"24408\">here<\/a>.<\/p>\n\n\n\n<p class=\"has-medium-font-size\">This year&#8217;s Klimacamp will take place from <strong>17th to 23rd&nbsp;of&nbsp;May close to Lobau<\/strong>, where we will focus on<strong>climate and social issues<\/strong>. You can find more details about this year&#8217;s focus <a href=\"https:\/\/klimacamp.at\/call-for-workshops-2026\/\" data-type=\"page\" data-id=\"24408\">here<\/a>.<\/p>\n\n\n\n<p class=\"has-medium-font-size\"><strong>Please register by 17th\u00a0of\u00a0April 2026, via the <a href=\"https:\/\/survey.klimacamp.at\/index.php\/983958?lang=en\">this link<\/a>!<\/strong><\/p>\n\n\n\n<p class=\"has-medium-font-size\">Feel free to forward the link to other people or groups who you think would be a great act for the evening programme at the Klimacamp. Please don&#8217;t hesitate to <a href=\"mailto:programm@klimacamp.at\">contact us<\/a> if you have any questions or would like to discuss anything with us!<\/p>\n\n\n\n<p><\/p>\n","protected":false},"excerpt":{"rendered":"<p>Call for Abendprogramme 2026! &#8212;&#8212; English version below &#8212;&#8212; Das&nbsp;Klimacamp&nbsp;findet heuer vom&nbsp;17. bis zum 23. Mai in der N\u00e4he der Lobau&nbsp;statt, wobei wir unseren Fokus auf die Themen&nbsp;Klima, Soziales und die imperiale Gesamtschei\u00dfe&nbsp;legen. Genaueres zum diesj\u00e4hrigen Fokus findet ihr hier. Wir suchen unter anderem Personen und Gruppen die gerne mit ihrem Talent zum Abendprogramm beitragen [&hellip;]<\/p>\n","protected":false},"author":29,"featured_media":0,"parent":0,"menu_order":0,"comment_status":"closed","ping_status":"closed","template":"","meta":{"_acf_changed":false,"inline_featured_image":false,"footnotes":""},"class_list":["post-24447","page","type-page","status-publish","hentry"],"acf":[],"_links":{"self":[{"href":"https:\/\/klimacamp.at\/en\/wp-json\/wp\/v2\/pages\/24447","targetHints":{"allow":["GET"]}}],"collection":[{"href":"https:\/\/klimacamp.at\/en\/wp-json\/wp\/v2\/pages"}],"about":[{"href":"https:\/\/klimacamp.at\/en\/wp-json\/wp\/v2\/types\/page"}],"author":[{"embeddable":true,"href":"https:\/\/klimacamp.at\/en\/wp-json\/wp\/v2\/users\/29"}],"replies":[{"embeddable":true,"href":"https:\/\/klimacamp.at\/en\/wp-json\/wp\/v2\/comments?post=24447"}],"version-history":[{"count":6,"href":"https:\/\/klimacamp.at\/en\/wp-json\/wp\/v2\/pages\/24447\/revisions"}],"predecessor-version":[{"id":24468,"href":"https:\/\/klimacamp.at\/en\/wp-json\/wp\/v2\/pages\/24447\/revisions\/24468"}],"wp:attachment":[{"href":"https:\/\/klimacamp.at\/en\/wp-json\/wp\/v2\/media?parent=24447"}],"curies":[{"name":"wp","href":"https:\/\/api.w.org\/{rel}","templated":true}]}}