{"id":24337,"date":"2026-03-02T14:43:54","date_gmt":"2026-03-02T13:43:54","guid":{"rendered":"https:\/\/klimacamp.at\/?page_id=24337"},"modified":"2026-04-10T23:34:45","modified_gmt":"2026-04-10T21:34:45","slug":"2026-2","status":"publish","type":"page","link":"https:\/\/klimacamp.at\/en\/","title":{"rendered":""},"content":{"rendered":"\n<p class=\"has-text-align-center has-x-large-font-size\">KLIMA x SOZIALES<\/p>\n\n\n\n<p class=\"has-text-align-center has-medium-font-size\"><strong>Gegen Lobauautobahn, Sozialabbau und die imperiale Gesamtschei\u00dfe!<\/strong><\/p>\n\n\n\n<p class=\"has-text-align-center has-medium-font-size\"><strong>Save the Date and stay tuned: 17.05.-23.05.2026<\/strong><\/p>\n\n\n\n<hr class=\"wp-block-separator has-alpha-channel-opacity\"\/>\n\n\n\n<p class=\"has-text-align-center has-medium-font-size\">Der <a href=\"https:\/\/klimacamp.at\/call-for-workshops-2026\/\" data-type=\"page\" data-id=\"24408\">Call for Workshops<\/a> ist da! Reicht Eure Ideen bis zum 17. April 2026 <a href=\"https:\/\/survey.klimacamp.at\/index.php\/388132?lang=de\">hier<\/a> ein.<\/p>\n\n\n\n<hr class=\"wp-block-separator has-alpha-channel-opacity\"\/>\n\n\n\n<p class=\"has-text-align-center has-medium-font-size\">Auch f\u00fcr das <a href=\"https:\/\/klimacamp.at\/call-for-abendprogramme-2026\/\" data-type=\"page\" data-id=\"24447\">Abendprogramm<\/a> seid ihr gefragt! Meldet euch gerne <a href=\"https:\/\/survey.klimacamp.at\/index.php\/983958?lang=de\">hier<\/a> an wenn ihr etwas beitragen wollt.<\/p>\n\n\n\n<hr class=\"wp-block-separator has-alpha-channel-opacity\"\/>\n\n\n\n<p>Nicht nur in der Lobau sollen f\u00fcr die Interessen der Reichen B\u00e4ume fallen und Lebensraum zerst\u00f6rt werden, sondern auch in der Sozialpolitik herrscht Kahlschlag.<br>F\u00fcr \u00d6sterreichs unn\u00f6tigstes, fossiles Infrastrukturprojekt sollen Milliarden flie\u00dfen und 220 Hektar Nationalpark und fruchtbare Ackerb\u00f6den in Lobau und Marchfeld versiegelt werden.<br>Gleichzeitig ist f\u00fcr die, die eh schon kaum genug zum Auskommen haben in Zukunft noch weniger da. Die Sozialk\u00fcrzungen betreffen vor allem die Menschen die auf t\u00e4gliche Hilfe angewiesen sind, schlechte Chancen haben und Benachteiligung erfahren.<\/p>\n\n\n\n<p>Wir fordern: keine Sparpolitik in Bildung, Sozialem &amp; Gesundheit! Keine fossilen Mega-Projekte die komplett aus der Zeit gefallen sind. Natur, Kultur und Menschlichkeit m\u00fcssen erhalten bleiben! \u2014 F\u00fcr Alle!<\/p>\n\n\n\n<p>Ob in St. Marx oder der Lobau.<br>Ob im Ordensspital oder der h\u00e4uslichen Pflege.<br>Ob das Amerlinghaus oder Radio Orange 94.0.<br>Schluss mit dem Durchdr\u00fccken von Projekten und Ma\u00dfnahmen gegen die Interessen und Bed\u00fcrfnisse der Bev\u00f6lkerung!<br>Deswegen sagt das Klimacamp in 2026:<\/p>\n\n\n\n<p><\/p>\n\n\n\n<p class=\"has-text-align-center has-large-font-size\"><strong>Lobau bleibt! Sozial statt egal!<\/strong><\/p>\n\n\n\n<p class=\"has-text-align-center has-medium-font-size\">Solidarisch f\u00fcr Mensch und Natur und keine Macht denen, die von Ausbeutung profitieren! <br>Hier und \u00fcberall auf der Welt! \u270a<\/p>\n\n\n\n<p>Schreibt&#8217;s euch in die Kalender, spread the word und kommt&#8217;s vorbei! Eine Woche voller Austausch, Vernetzung, Widerstand und gelebter Utopien.<br>Stay tuned\u2026;)<\/p>\n\n\n\n<hr class=\"wp-block-separator has-alpha-channel-opacity\"\/>\n\n\n\n<div class=\"wp-block-columns is-layout-flex wp-container-core-columns-is-layout-9d6595d7 wp-block-columns-is-layout-flex\">\n<div class=\"wp-block-column is-layout-flow wp-block-column-is-layout-flow\" style=\"flex-basis:100%\">\n<figure class=\"wp-block-gallery has-nested-images columns-default is-cropped wp-block-gallery-3 is-layout-flex wp-block-gallery-is-layout-flex\">\n<figure class=\"wp-block-image size-large\"><img loading=\"lazy\" decoding=\"async\" width=\"1024\" height=\"683\" data-id=\"24361\" src=\"https:\/\/klimacamp.at\/wp-content\/uploads\/2026\/03\/signal-2025-05-31-172622_005-1024x683.jpeg\" alt=\"\" class=\"wp-image-24361\" srcset=\"https:\/\/klimacamp.at\/wp-content\/uploads\/2026\/03\/signal-2025-05-31-172622_005-1024x683.jpeg 1024w, https:\/\/klimacamp.at\/wp-content\/uploads\/2026\/03\/signal-2025-05-31-172622_005-300x200.jpeg 300w, https:\/\/klimacamp.at\/wp-content\/uploads\/2026\/03\/signal-2025-05-31-172622_005-768x512.jpeg 768w, https:\/\/klimacamp.at\/wp-content\/uploads\/2026\/03\/signal-2025-05-31-172622_005.jpeg 1080w\" sizes=\"auto, (max-width: 1024px) 100vw, 1024px\" \/><\/figure>\n\n\n\n<figure class=\"wp-block-image size-large is-style-default wp-duotone-unset-1\"><img loading=\"lazy\" decoding=\"async\" width=\"1024\" height=\"683\" data-id=\"24355\" src=\"https:\/\/klimacamp.at\/wp-content\/uploads\/2026\/03\/signal-2025-06-01-170519_007-1024x683.jpeg\" alt=\"\" class=\"wp-image-24355\" srcset=\"https:\/\/klimacamp.at\/wp-content\/uploads\/2026\/03\/signal-2025-06-01-170519_007-1024x683.jpeg 1024w, https:\/\/klimacamp.at\/wp-content\/uploads\/2026\/03\/signal-2025-06-01-170519_007-300x200.jpeg 300w, https:\/\/klimacamp.at\/wp-content\/uploads\/2026\/03\/signal-2025-06-01-170519_007-768x512.jpeg 768w, https:\/\/klimacamp.at\/wp-content\/uploads\/2026\/03\/signal-2025-06-01-170519_007.jpeg 1080w\" sizes=\"auto, (max-width: 1024px) 100vw, 1024px\" \/><\/figure>\n\n\n\n<figure class=\"wp-block-image size-large wp-duotone-unset-2\"><img loading=\"lazy\" decoding=\"async\" width=\"683\" height=\"1024\" data-id=\"24357\" src=\"https:\/\/klimacamp.at\/wp-content\/uploads\/2026\/03\/signal-2025-06-01-170519-683x1024.jpeg\" alt=\"\" class=\"wp-image-24357\" srcset=\"https:\/\/klimacamp.at\/wp-content\/uploads\/2026\/03\/signal-2025-06-01-170519-683x1024.jpeg 683w, https:\/\/klimacamp.at\/wp-content\/uploads\/2026\/03\/signal-2025-06-01-170519-200x300.jpeg 200w, https:\/\/klimacamp.at\/wp-content\/uploads\/2026\/03\/signal-2025-06-01-170519.jpeg 720w\" sizes=\"auto, (max-width: 683px) 100vw, 683px\" \/><\/figure>\n<\/figure>\n<\/div>\n<\/div>\n\n\n\n<hr class=\"wp-block-separator has-alpha-channel-opacity\"\/>\n\n\n\n<p class=\"has-text-align-center has-medium-font-size\">The <a href=\"https:\/\/klimacamp.at\/call-for-workshops-2026\/\" data-type=\"page\" data-id=\"24408\">Call for Workshops<\/a> is out now! Submit your ideas <a href=\"https:\/\/survey.klimacamp.at\/index.php\/388132?lang=en\">here<\/a> until April 5th, 2026.<\/p>\n\n\n\n<hr class=\"wp-block-separator has-alpha-channel-opacity\"\/>\n\n\n\n<p class=\"has-text-align-center has-medium-font-size\">Likewise for the <a href=\"https:\/\/klimacamp.at\/call-for-abendprogramme-2026\/\" data-type=\"page\" data-id=\"24447\">evening program<\/a> we are looking for your contributions! Please register <a href=\"https:\/\/survey.klimacamp.at\/index.php\/983958?lang=en\">here<\/a> if you consider contributing.<\/p>\n\n\n\n<hr class=\"wp-block-separator has-alpha-channel-opacity\"\/>\n\n\n\n<p>It&#8217;s not only in Lobau that trees are supposed to be chopped down and habitats destroyed in the interests of the rich; social policy is also being slashed.<br>Billions are to be poured into Austria&#8217;s most unnecessary fossil fuel infrastructure project, sealing off 220 hectares of national parkland and fertile farmland in the Lobau and Marchfeld regions.<br>At the same time, there will be even less for those who already barely have enough to make ends meet. The social cuts primarily affect people who rely on daily assistance, have limited opportunities, and experience discrimination.<\/p>\n\n\n\n<p>We demand: no austerity measures in education, social services, and healthcare! No fossil fuel mega-projects that are completely outdated. Nature, culture, and humanity must be preserved! \u2014 For everyone!<\/p>\n\n\n\n<p>Whether in St. Marx or the Lobau.<br>Whether in the hospital or home care.<br>Whether at Amerlinghaus or Radio Orange.<br>Stop pushing through projects and measures against the interests and needs of the population! <br>That&#8217;s why the climate camp in 2026 says:<\/p>\n\n\n\n<p><\/p>\n\n\n\n<p class=\"has-text-align-center has-large-font-size\"><strong>Lobau stays! Social not indifference!<\/strong><\/p>\n\n\n\n<p class=\"has-text-align-center has-medium-font-size\">Solidarity for people and nature, and no power to those who profit from exploitation! <br>Here and everywhere else in the world! \u270a<\/p>\n\n\n\n<p>Mark your calendars, spread the word, and come join us! A week full of exchange, networking, resistance, and utopias brought to life.<br>Stay tuned\u2026;)<\/p>\n\n\n\n<p><\/p>\n","protected":false},"excerpt":{"rendered":"<p>KLIMA x SOZIALES Gegen Lobauautobahn, Sozialabbau und die imperiale Gesamtschei\u00dfe! Save the Date and stay tuned: 17.05.-23.05.2026 Der Call for Workshops ist da! Reicht Eure Ideen bis zum 17. April 2026 hier ein. Auch f\u00fcr das Abendprogramm seid ihr gefragt! Meldet euch gerne hier an wenn ihr etwas beitragen wollt. Nicht nur in der Lobau [&hellip;]<\/p>\n","protected":false},"author":29,"featured_media":0,"parent":0,"menu_order":0,"comment_status":"closed","ping_status":"closed","template":"","meta":{"_acf_changed":false,"inline_featured_image":false,"footnotes":""},"class_list":["post-24337","page","type-page","status-publish","hentry"],"acf":[],"_links":{"self":[{"href":"https:\/\/klimacamp.at\/en\/wp-json\/wp\/v2\/pages\/24337","targetHints":{"allow":["GET"]}}],"collection":[{"href":"https:\/\/klimacamp.at\/en\/wp-json\/wp\/v2\/pages"}],"about":[{"href":"https:\/\/klimacamp.at\/en\/wp-json\/wp\/v2\/types\/page"}],"author":[{"embeddable":true,"href":"https:\/\/klimacamp.at\/en\/wp-json\/wp\/v2\/users\/29"}],"replies":[{"embeddable":true,"href":"https:\/\/klimacamp.at\/en\/wp-json\/wp\/v2\/comments?post=24337"}],"version-history":[{"count":14,"href":"https:\/\/klimacamp.at\/en\/wp-json\/wp\/v2\/pages\/24337\/revisions"}],"predecessor-version":[{"id":24466,"href":"https:\/\/klimacamp.at\/en\/wp-json\/wp\/v2\/pages\/24337\/revisions\/24466"}],"wp:attachment":[{"href":"https:\/\/klimacamp.at\/en\/wp-json\/wp\/v2\/media?parent=24337"}],"curies":[{"name":"wp","href":"https:\/\/api.w.org\/{rel}","templated":true}]}}