{"id":23617,"date":"2025-03-18T00:48:17","date_gmt":"2025-03-17T23:48:17","guid":{"rendered":"https:\/\/klimacamp.at\/?page_id=23617"},"modified":"2025-03-18T00:48:17","modified_gmt":"2025-03-17T23:48:17","slug":"impressum","status":"publish","type":"page","link":"https:\/\/klimacamp.at\/en\/impressum\/","title":{"rendered":"Impressum"},"content":{"rendered":"<p><strong>Inhaber der Website:<\/strong><\/p>\n<p><strong>VUK\u00d6 \u2013 Verein zur Umsetzung von Klimacamps in \u00d6sterreich<br \/>\n<\/strong><\/p>\n<p><strong>Adresse:<\/strong> VUK\u00d6<br \/>\n2732 W\u00fcrflach<br \/>\n\u00d6sterreich<\/p>\n<p>E-mail: <span style=\"font-weight: 400;\">info[at]klimacamp.at<\/span><\/p>\n<p>&nbsp;<\/p>\n<p><strong>Haftungshinweis<\/strong><\/p>\n<p><span class=\"text_exposed_show\"><span style=\"font-weight: 400;\">Diese Website wird von ehrenamtlichen Aktivist*innen aus dem Klimacamp Organisationsteam betreut. Sie dient zur Informierung einer breiten \u00d6ffentlichkeit sowie zur Vernetzung und Sichtbarmachung des Camps.<\/span><\/span><\/p>\n<p><span class=\"text_exposed_show\">Der VUK\u00d6 sowie <\/span><span class=\"text_exposed_show\">die Organisationen, die das\u00a0<a class=\"blue\" href=\"https:\/\/systemchange-not-climatechange.at\/positionspapier\/\" target=\"_blank\" rel=\"noopener noreferrer\">Positionspapier \u201cSystem Change, not Climate Change!\u201d<\/a>\u00a0entworfen haben oder unterst\u00fctzen\u00a0<\/span><span class=\"text_exposed_show\">(siehe\u00a0<a class=\"blue\" href=\"https:\/\/systemchange-not-climatechange.at\/ueber-uns\/\" target=\"_blank\" rel=\"noopener noreferrer\">\u201c\u00dcber uns\u201d<\/a>), zeichnen sich nicht verantwortlich f\u00fcr Aktionen, welche von der lokalen und globalen \u201eSystem Change!\u201c-Klimabewegung und Aktivist*innen durchgef\u00fchrt werden und sind nicht verantwortlich f\u00fcr die Meinung oder Posts Einzelner.\u00a0<\/span>Trotz regelm\u00e4\u00dfiger sorgf\u00e4ltiger inhaltlicher Kontrolle \u00fcbernehmen wir keine Haftung f\u00fcr die Inhalte und die verlinkten Seiten.<\/p>\n<p>&nbsp;<\/p>\n<p>&nbsp;<\/p>\n<p><strong>Copyright<\/strong><\/p>\n<p>Die Texte dieser Seite sind\u00a0<a class=\"external-link-new-window\" title=\"externer Link\" href=\"http:\/\/de.wikipedia.org\/wiki\/Copyleft\" target=\"_blank\" rel=\"noopener noreferrer\">copyleft<\/a>. F\u00fcr namentlich gezeichnete Texte dieser Website gilt das Copyright des Autors\/der Autorin. F\u00fcr Abdruck- und Vervielf\u00e4ltigungsrechte wenden Sie sich bitte an den Autor\/die Autorin oder info[at]systemchange-not-climatechange.at.<\/p>\n<p>Das auf der Website verwendete Bildmaterial steht unter der Creative Commons Lizenz oder es gilt das Copyright des Autors\/der Autorin. Wenn Sie sich in Ihren Rechten verletzt f\u00fchlen, kontaktieren Sie uns bitte unter info[at]systemchange-not-climatechange.at.<\/p>\n<p>&nbsp;<\/p>\n<p><strong>Webdesign<\/strong><\/p>\n<p>Dario Huth<br \/>\npowered by\u00a0<a href=\"http:\/\/wordpress.org\/\" target=\"_blank\" rel=\"noopener noreferrer\">WordPress<\/a><\/p>\n","protected":false},"excerpt":{"rendered":"<p>Inhaber der Website: VUK\u00d6 \u2013 Verein zur Umsetzung von Klimacamps in \u00d6sterreich Adresse: VUK\u00d6 2732 W\u00fcrflach \u00d6sterreich E-mail: info[at]klimacamp.at &nbsp; Haftungshinweis Diese Website wird von ehrenamtlichen Aktivist*innen aus dem Klimacamp Organisationsteam betreut. Sie dient zur Informierung einer breiten \u00d6ffentlichkeit sowie zur Vernetzung und Sichtbarmachung des Camps. Der VUK\u00d6 sowie die Organisationen, die das\u00a0Positionspapier \u201cSystem Change, [&hellip;]<\/p>\n","protected":false},"author":29,"featured_media":0,"parent":0,"menu_order":0,"comment_status":"closed","ping_status":"closed","template":"","meta":{"_acf_changed":false,"inline_featured_image":false,"footnotes":""},"class_list":["post-23617","page","type-page","status-publish","hentry"],"acf":[],"_links":{"self":[{"href":"https:\/\/klimacamp.at\/en\/wp-json\/wp\/v2\/pages\/23617","targetHints":{"allow":["GET"]}}],"collection":[{"href":"https:\/\/klimacamp.at\/en\/wp-json\/wp\/v2\/pages"}],"about":[{"href":"https:\/\/klimacamp.at\/en\/wp-json\/wp\/v2\/types\/page"}],"author":[{"embeddable":true,"href":"https:\/\/klimacamp.at\/en\/wp-json\/wp\/v2\/users\/29"}],"replies":[{"embeddable":true,"href":"https:\/\/klimacamp.at\/en\/wp-json\/wp\/v2\/comments?post=23617"}],"version-history":[{"count":1,"href":"https:\/\/klimacamp.at\/en\/wp-json\/wp\/v2\/pages\/23617\/revisions"}],"predecessor-version":[{"id":23618,"href":"https:\/\/klimacamp.at\/en\/wp-json\/wp\/v2\/pages\/23617\/revisions\/23618"}],"wp:attachment":[{"href":"https:\/\/klimacamp.at\/en\/wp-json\/wp\/v2\/media?parent=23617"}],"curies":[{"name":"wp","href":"https:\/\/api.w.org\/{rel}","templated":true}]}}