{"id":23138,"date":"2024-02-05T10:31:56","date_gmt":"2024-02-05T09:31:56","guid":{"rendered":"https:\/\/klimacamp.at\/?page_id=23138"},"modified":"2024-02-05T10:31:56","modified_gmt":"2024-02-05T09:31:56","slug":"call-for-workshops-2024","status":"publish","type":"page","link":"https:\/\/klimacamp.at\/en\/call-for-workshops-2024\/","title":{"rendered":"Call for Workshops 2024"},"content":{"rendered":"<blockquote><p><em>(English below)<\/em><\/p>\n<p>&nbsp;<\/p>\n<p><strong>Du <\/strong><strong>willst dein Wissen oder K\u00f6nnen mit Anderen teilen? <\/strong><\/p>\n<p><strong>Wir freuen uns auf deinen Beitrag f\u00fcr das Klimacamp 2024!<\/strong><\/p>\n<p>Das diesj\u00e4hrige Klimacamp findet vom <strong>26. Mai bis zum 1. Juni 2024 in Lichtenw\u00f6rth<\/strong> bei Wiener Neustadt statt. Eine Woche lang entsteht dort ein Raum f\u00fcr Bildung, Vernetzung und Austausch zwischen verschiedenen Gruppen der Klimagerechtigkeitsbewegung und Interessierten Personen. Daf\u00fcr laden wir Eure Ideen f\u00fcr Workshops, Pr\u00e4sentationen, Spiele oder Skillsharing ein &#8211; je interaktiver desto besser.<\/p>\n<p>Die in Lichtenw\u00f6rth geplante Ostumfahrung und der Widerstand dagegen waren ausschlaggebend f\u00fcr den Schwerpunkt des Klimacamps 2024!<\/p>\n<h2 style=\"text-align: center;\"><strong>Breaking Grounds: <\/strong><strong>Die Bauindustrie in der Klimakrise<\/strong><\/h2>\n<p>&nbsp;<\/p>\n<p>Gemeinsam m\u00f6chten wir eine Woche lang einen kritischen Blick auf die Auswirkungen von Bau- und Stra\u00dfenprojekten auf Mensch, Natur und Klima werfen. Wir m\u00f6chten uns ansehen, was die Versiegelung von B\u00f6den mit neokolonialer Ausbeutung und globalen Lieferketten zu tun hat, wie die Baubranche post-koloniale Abh\u00e4ngigkeiten f\u00f6rdert, welche Folgen die Auswirkungen der Klimakrise auf Besch\u00e4ftigte der Baubranche haben und nicht zuletzt, welche Alternativen (\u00f6kologischer Bau, Bodenentsiegelung, etc.) in Zeiten der Klimakrise notwendig sind und wie wir diese erreichen k\u00f6nnen.<\/p>\n<p>Neben dem Hauptthema k\u00f6nnen auch andere Aspekte der Klimakrise thematisiert werden. Aufgelistet seht ihr im Folgenden einige Vorschl\u00e4ge f\u00fcr Workshop-Themen &#8211; wir freuen uns auf euren Input zu diesen oder anderen:<\/p>\n<p>&nbsp;<\/p>\n<ul>\n<li><strong>Alternative Agrarsysteme<\/strong>\n<ul>\n<li>\u00d6kologische Landwirtschaft, Ern\u00e4hrungssouver\u00e4nit\u00e4t<\/li>\n<\/ul>\n<\/li>\n<li><strong>Postkoloniale und antirassistische Perspektiven<\/strong>\n<ul>\n<li>Internationale Solidarit\u00e4t, indigene Souver\u00e4nit\u00e4t, Befreiungsbewegungen, BIPOC2 Solidarit\u00e4t<\/li>\n<\/ul>\n<\/li>\n<li><strong>Post-Fossile Energiesysteme\u00a0\u00a0<\/strong>\n<ul>\n<li>Nachhaltige Energiequellen, low-tec Energieproduktion, Energiegerechtigkeit<\/li>\n<\/ul>\n<\/li>\n<li><strong>Alternative Wirtschaftssysteme<\/strong>\n<ul>\n<li>Postwachstum, Commons, Kooperativen und gerechte Transformationen<\/li>\n<\/ul>\n<\/li>\n<li><strong>Mobilit\u00e4tswende<\/strong>\n<ul>\n<li>Autofreie St\u00e4dte, \u00d6ffentlicher Nahverkehr, Stadt-Land-Transport<\/li>\n<\/ul>\n<\/li>\n<li><strong>Biodiversit\u00e4t<\/strong>\n<ul>\n<li>Natur- und Artenschutz, Boden\u00f6kologie<\/li>\n<\/ul>\n<\/li>\n<li><strong>Strukturelle Unterdr\u00fcckung und Gegenstrategien<\/strong>\n<ul>\n<li>Rassismus, Queer-Feminismus, Ableismus, Klassismus<\/li>\n<\/ul>\n<\/li>\n<li><strong>Politische Prozesse und Gesetzgebung<\/strong>\n<ul>\n<li>Nationale und Landespolitik, Klimakonferenzen, internationale Abkommen<\/li>\n<\/ul>\n<\/li>\n<li><strong>Anti-Faschismus<\/strong>\n<ul>\n<li>Strategien gegen Rechtsextremismus<\/li>\n<\/ul>\n<\/li>\n<li><strong>Falsche L\u00f6sungen<\/strong>\n<ul>\n<li>Green Washing, Kritik von Technik-Optimismus<\/li>\n<\/ul>\n<\/li>\n<li><strong>DIY, Aktivismus und <\/strong><strong>Kunst<\/strong>\n<ul>\n<li>Fahrradreparatur, Upcycling, ziviler Ungehorsam und anderer Widerstand, Protestmusik<\/li>\n<\/ul>\n<\/li>\n<li><strong>Austausch zwischen aktivistischen Bewegungen, Generationen und sozialen Gruppen<\/strong><\/li>\n<\/ul>\n<p>&nbsp;<\/p>\n<p>Verschw\u00f6rungstheoretische und diskriminierende Inhalte jeglicher Art lehnen wir ab. Wir wollen insbesondere Menschen, die in unserer Gesellschaft besonders von Diskriminierung betroffen sind (z.B. FLINTA*-Personen\u00b9, BIPoC2, Migrant*innen und Personen mit Behin-derungen) ermutigen, sich aktiv am Klimacamp zu beteiligen und bevorzugen Einreichungen von Angeh\u00f6rigen marginalisierter Gruppen.<\/p>\n<p>Die Workshops sind auf\u00a0 2-3 Stunden angesetzt und finden an Orten auf dem Camp statt, die Platz f\u00fcr ca. 10-20 Personen bieten. Die Anfahrtskosten werden erstattet und eine Aufwandsentsch\u00e4digung ist m\u00f6glich. Die Campsprachen sind vorwiegend Englisch und Deutsch, wir freuen uns aber \u00fcber Bewerbungen in allen Sprachen! Bitte sprecht das rechtzeitig mit uns ab, damit wir gegebenenfalls eine \u00dcbersetzung organisieren k\u00f6nnen.<\/p>\n<p>&nbsp;<\/p>\n<p><strong>Reicht Eure Ideen bis zum <\/strong><strong>29. Februar 2024 <\/strong><strong>hier<\/strong><strong>ein: <\/strong><a href=\"https:\/\/survey.klimacamp.at\/index.php\/329115?lang=de\">https:\/\/survey.klimacamp.at\/index.php\/329115?lang=de<\/a>.<br \/>\nIhr habt Fragen\/Anliegen? <a href=\"mailto:programm@klimacamp.at\">Schreibt uns an: programm@klimacamp.at<\/a><\/p>\n<p>&nbsp;<\/p>\n<p><strong>__________<\/strong><\/p>\n<p>\u00b9 FLINTA* steht f\u00fcr Frauen, Lesben, intergeschlechtliche, nichtbin\u00e4re, trans und a-gender Personen.<\/p>\n<p>2 BIPoC steht f\u00fcr Personen, die nicht der wei\u00dfen Mehrheitsgesellschaft zugeordnet und aufgrund dessen rassistisch diskriminiert werden (aus dem Englischen: \u201cblack, indigenous, and other people of color\u201d).<\/p><\/blockquote>\n<p>&nbsp;<\/p>\n<p>&nbsp;<\/p>\n<blockquote>\n<p style=\"text-align: center;\">*** English ***<\/p>\n<p>&nbsp;<\/p>\n<p><strong>Want to share your knowledge or skills? <\/strong><\/p>\n<p><strong>We look forward to your ideas for the Climate Camp 2024!<\/strong><\/p>\n<p>This year&#8217;s Climate Camp will take place from <strong>26 May to 1 June 2024 in Lichtenw\u00f6rth<\/strong>, near Wiener Neustadt. During one week, we will create a space for education, networking and exchange between political groups and interested people. We welcome your ideas for workshops, performances, games, skill shares or other formats &#8211; the more interactive the better.<\/p>\n<p>The planned street in the east of Lichtenw\u00f6rth and the resistance against it were decisive for the focus of the Climate Camp 2024!<\/p>\n<h2 style=\"text-align: center;\"><strong>Breaking Grounds: <\/strong><strong>The Construction Industry in the Climate Crisis<\/strong><\/h2>\n<p>&nbsp;<\/p>\n<p>Together, we will take a critical look at the impact of construction and road projects on people, nature and the climate. We want to look at what the loss of surface due to ground sealing has to do with neo-colonial exploitation and global supply chains, how the construction industry promotes post-colonial dependencies, what consequences the effects of the climate crisis have on employees in the construction industry and, last but not least, what alternatives (ecological construction, soil unsealing, etc.) are necessary in times of climate crisis and how we can achieve them.<\/p>\n<p>In addition to this year&#8217;s main topic, other aspects related to the climate crisis can be addressed. These are suggestions for workshops, we are open to your ideas:<\/p>\n<p>&nbsp;<\/p>\n<ul>\n<li><strong>Food system alternatives\u00a0<\/strong>\n<ul>\n<li>Ecological agriculture, food souvereignty<\/li>\n<\/ul>\n<\/li>\n<li><strong>De-\/postcolonial and anti-racist perspectives<\/strong>\n<ul>\n<li>International solidarity, indigenous sovereignty,\u00a0anti-oppression movements,\u00a0 BIPoC2\u00a0solidarity<\/li>\n<\/ul>\n<\/li>\n<li><strong>Post-fossil energy systems<\/strong>\n<ul>\n<li>Regenerative energy sources, low-tec energy production, energy justice<\/li>\n<\/ul>\n<\/li>\n<li><strong>Alternative Economies<\/strong>\n<ul>\n<li>Degrowth, commons, cooperatives, just transformation<\/li>\n<\/ul>\n<\/li>\n<li><strong>Mobility transformation<\/strong>\n<ul>\n<li>Car-free cities, public transit, urban-rural transportation<\/li>\n<\/ul>\n<\/li>\n<li><strong>Biodiversity<\/strong>\n<ul>\n<li>Nature and species protection, soil ecology<\/li>\n<\/ul>\n<\/li>\n<li><strong>Structural Oppressions and counter-strategies<\/strong>\n<ul>\n<li>Racism, queer-feminism, ableism, classism<\/li>\n<\/ul>\n<\/li>\n<li><strong>Policy-Making and Law<\/strong>\n<ul>\n<li>Federal and national politics, COPs, international agreements<\/li>\n<\/ul>\n<\/li>\n<li><strong>Anti-fascism<\/strong>\n<ul>\n<li>Strategies to counter the uprising of the far right<\/li>\n<\/ul>\n<\/li>\n<li><strong>Fake solution<\/strong>\n<ul>\n<li>Green washing, critiques of techno-optimism<\/li>\n<\/ul>\n<\/li>\n<li><strong>DIY, activism and a<\/strong><strong>rts<\/strong>\n<ul>\n<li>Bike repair, upcycling, civil disobedience and other resistance strategies, protest music<\/li>\n<\/ul>\n<\/li>\n<li><strong>Connections between activist movements, generations, social groups<\/strong><\/li>\n<\/ul>\n<p>&nbsp;<\/p>\n<p>We reject conspiracy theories and discriminating content. Workshops slots are 2 to 3 hours long, and you will be using rooms that fit about 10-20 people. Traveling costs are covered. English and German are the camp languages, and we also welcome submissions in other languages. In this case, please discuss this with us well in advance so that we can organize a translator.<\/p>\n<p>We especially want to encourage people who are exposed to social discrimination (e.g., FLINTA*\u00b9 persons, BIPoC2, migrants and persons with disabilities) to submit a workshop.<\/p>\n<p>&nbsp;<\/p>\n<p><strong>Please submit your workshop until<\/strong><strong> 29 February 2024 <\/strong><strong>under this link: <\/strong><a href=\"https:\/\/survey.klimacamp.at\/index.php\/329115?lang=en\">https:\/\/survey.klimacamp.at\/index.php\/329115?lang=en<\/a> .<\/p>\n<p>If you have any questions, write us at: programm@klimacamp.at<u><br \/>\n<\/u><\/p>\n<p>&nbsp;<\/p>\n<p>___________<br \/>\n\u00b9 FLINTA* stands for female, lesbian, intersex, non-binary, transgender and asexual<br \/>\n2 BIPoC stands for people who do not belong to the white majority society and are racially discriminated against because of this (from the English: &#8220;black, indigenous, and other people of color&#8221;).<\/p><\/blockquote>\n","protected":false},"excerpt":{"rendered":"<p>(English below) &nbsp; Du willst dein Wissen oder K\u00f6nnen mit Anderen teilen? Wir freuen uns auf deinen Beitrag f\u00fcr das Klimacamp 2024! Das diesj\u00e4hrige Klimacamp findet vom 26. Mai bis zum 1. Juni 2024 in Lichtenw\u00f6rth bei Wiener Neustadt statt. Eine Woche lang entsteht dort ein Raum f\u00fcr Bildung, Vernetzung und Austausch zwischen verschiedenen Gruppen [&hellip;]<\/p>\n","protected":false},"author":27,"featured_media":0,"parent":0,"menu_order":0,"comment_status":"closed","ping_status":"closed","template":"","meta":{"_acf_changed":false,"inline_featured_image":false,"footnotes":""},"class_list":["post-23138","page","type-page","status-publish","hentry"],"acf":[],"_links":{"self":[{"href":"https:\/\/klimacamp.at\/en\/wp-json\/wp\/v2\/pages\/23138","targetHints":{"allow":["GET"]}}],"collection":[{"href":"https:\/\/klimacamp.at\/en\/wp-json\/wp\/v2\/pages"}],"about":[{"href":"https:\/\/klimacamp.at\/en\/wp-json\/wp\/v2\/types\/page"}],"author":[{"embeddable":true,"href":"https:\/\/klimacamp.at\/en\/wp-json\/wp\/v2\/users\/27"}],"replies":[{"embeddable":true,"href":"https:\/\/klimacamp.at\/en\/wp-json\/wp\/v2\/comments?post=23138"}],"version-history":[{"count":2,"href":"https:\/\/klimacamp.at\/en\/wp-json\/wp\/v2\/pages\/23138\/revisions"}],"predecessor-version":[{"id":23140,"href":"https:\/\/klimacamp.at\/en\/wp-json\/wp\/v2\/pages\/23138\/revisions\/23140"}],"wp:attachment":[{"href":"https:\/\/klimacamp.at\/en\/wp-json\/wp\/v2\/media?parent=23138"}],"curies":[{"name":"wp","href":"https:\/\/api.w.org\/{rel}","templated":true}]}}