{"id":22489,"date":"2023-01-22T15:31:06","date_gmt":"2023-01-22T14:31:06","guid":{"rendered":"https:\/\/klimacamp.at\/?page_id=22489"},"modified":"2023-01-22T15:31:06","modified_gmt":"2023-01-22T14:31:06","slug":"programm-2022","status":"publish","type":"page","link":"https:\/\/klimacamp.at\/en\/2022-2\/programm-2022\/","title":{"rendered":"Programm 2022"},"content":{"rendered":"<p>Workshops \u00dcbersicht 2021<\/p>\n<p>Wir bitten um eine <b>zeitgerechte Anmeldung zu den Workshops<\/b>. Dadurch k\u00f6nnen wir zum einen besser einsch\u00e4tzen, wie viele Personen kommen und ob wir eventuell Raumwechsel durchf\u00fchren m\u00fcssen, damit Sicherheitsabst\u00e4nde eingehalten werden k\u00f6nnen. Zum anderen k\u00f6nnen wir dir so Informationen zu den Veranstaltungslocations zukommen lassen. Wenn du dich anmeldest, hast du im Workshop einen Fixplatz.<\/p>\n<p>Falls du ganz spontan doch vorbei kommen willst und nicht wei\u00dft, wo dein Workshop stattfinden wird, ruf bitte bei uns am Camphandy an unter <i>+43 670 404 35 77.<\/i><\/p>\n<p>&nbsp;<\/p>\n<p>You don\u2018t speak German and want to attend workshops at Climate Camp Vienna? You have two options:<\/p>\n<ol>\n<li>Check out the list of workshops here:\u00a0<a title=\"http:\/\/klimacamp.at\/programm\/\" href=\"http:\/\/klimacamp.at\/programm\/\" target=\"_blank\" rel=\"noopener noreferrer\">klimacamp.at\/programm\/<\/a>\u00a0and use controll + F to look for workshops in \u201eEnglish\u201c<\/li>\n<li>If the workshop that really interest you are in german only, come to the info-point and \u201epick-up\u201c a translator to take along to the workshop.<br \/>\n(Most people around the camp will speak well enough English. Group work in workshops may well be in English spontanously, however, we do not want to ask facilitators to do their inputs in English, if they do not feel comfortable doing so.<\/li>\n<\/ol>\n<p>If you need any assistance, you can call the info-numer any time: +43 (0)670 404 35 77<\/p>\n","protected":false},"excerpt":{"rendered":"<p>Workshops \u00dcbersicht 2021 Wir bitten um eine zeitgerechte Anmeldung zu den Workshops. Dadurch k\u00f6nnen wir zum einen besser einsch\u00e4tzen, wie viele Personen kommen und ob wir eventuell Raumwechsel durchf\u00fchren m\u00fcssen, damit Sicherheitsabst\u00e4nde eingehalten werden k\u00f6nnen. Zum anderen k\u00f6nnen wir dir so Informationen zu den Veranstaltungslocations zukommen lassen. Wenn du dich anmeldest, hast du im Workshop [&hellip;]<\/p>\n","protected":false},"author":21,"featured_media":0,"parent":18779,"menu_order":0,"comment_status":"closed","ping_status":"closed","template":"page-actualworkshops.php","meta":{"_acf_changed":false,"inline_featured_image":false,"footnotes":""},"class_list":["post-22489","page","type-page","status-publish","hentry"],"acf":[],"_links":{"self":[{"href":"https:\/\/klimacamp.at\/en\/wp-json\/wp\/v2\/pages\/22489","targetHints":{"allow":["GET"]}}],"collection":[{"href":"https:\/\/klimacamp.at\/en\/wp-json\/wp\/v2\/pages"}],"about":[{"href":"https:\/\/klimacamp.at\/en\/wp-json\/wp\/v2\/types\/page"}],"author":[{"embeddable":true,"href":"https:\/\/klimacamp.at\/en\/wp-json\/wp\/v2\/users\/21"}],"replies":[{"embeddable":true,"href":"https:\/\/klimacamp.at\/en\/wp-json\/wp\/v2\/comments?post=22489"}],"version-history":[{"count":1,"href":"https:\/\/klimacamp.at\/en\/wp-json\/wp\/v2\/pages\/22489\/revisions"}],"predecessor-version":[{"id":22490,"href":"https:\/\/klimacamp.at\/en\/wp-json\/wp\/v2\/pages\/22489\/revisions\/22490"}],"up":[{"embeddable":true,"href":"https:\/\/klimacamp.at\/en\/wp-json\/wp\/v2\/pages\/18779"}],"wp:attachment":[{"href":"https:\/\/klimacamp.at\/en\/wp-json\/wp\/v2\/media?parent=22489"}],"curies":[{"name":"wp","href":"https:\/\/api.w.org\/{rel}","templated":true}]}}