{"id":17440,"date":"2022-05-07T13:14:56","date_gmt":"2022-05-07T11:14:56","guid":{"rendered":"https:\/\/klimacamp.at\/?page_id=17440"},"modified":"2022-05-18T19:42:56","modified_gmt":"2022-05-18T17:42:56","slug":"permakultur-summer-school","status":"publish","type":"page","link":"https:\/\/klimacamp.at\/en\/permakultur-summer-school\/","title":{"rendered":"Permakultur Summer School"},"content":{"rendered":"<p><strong>Datum<\/strong>: 23.05 und 24.05<br \/>\n<strong>Time<\/strong>: 09:00-17:00<\/p>\n<p><strong>Organisation<\/strong>: Solidarische Landwirtschaft Ouvertura<br \/>\n<strong>Sprache<\/strong>: Deutsch<br \/>\n<strong>Ort<\/strong>: Ouvertura \u2013 Solidarische Landwirtschaft Moosbrunn, auf den Feldern nahe dem Sender Moosbrunn<br \/>\nTeilnehmer*innen: max. 20 Personen<br \/>\n<strong><em>Anmeldefrist: 15.05<\/em><\/strong><\/p>\n<p>Referent*innen: Sara Schaupp und Barbara Spechtl<\/p>\n<p>Sara Schaupp ist im Verein Ouvertura Gr\u00fcndungsmitglied der ersten Stunde und gemeinsam mit Barbara Spechtl u.A. zust\u00e4ndig f\u00fcr den Bereich Gartenbau.<\/p>\n<p><strong>\u25b6\ufe0f\u25b6\ufe0f Registration \u25c0\ufe0f\u25c0\ufe0f<\/strong><\/p>\n<p><strong>Auszug der Themen dieser Summer School mit viel Praxisbezug:<\/strong><\/p>\n<ul>\n<li>Was ist Permakultur und wie integrieren wir Prinzipien der Permakultur in unsere Anbau-Praxis?<\/li>\n<li>Was haben unsere H\u00fchner mit dem Gem\u00fcse und Obst zu tun und umgekehrt?<\/li>\n<li>Wie hilft uns solidarische Landwirtschaft dabei, \u00f6kologisch zu bewirtschaften?<\/li>\n<li>Wie tragen \u00f6kologische und Solidarische Landwirtschaft zum Klimaschutz bei?<\/li>\n<li>Neben diesen theoretischen Fragen, die wir vor allem w\u00e4hrend der Mittagshitze im Schatten er\u00f6rtern, werden wir viel Zeit zum intensiven &#8220;Garteln&#8221; haben!<\/li>\n<li>Wir werden Jungpflanzen setzen, mulchen, Beete pflegen und uns um die Beipflanzungen bei Jostabeere, Apfelb\u00e4umchen und Co k\u00fcmmern.<\/li>\n<li>Bei extremem Schlechtwetter verk\u00fcrztes Programm.<\/li>\n<\/ul>\n<p><u>Anreisem\u00f6glichkeiten:<\/u><\/p>\n<ul>\n<li>Mit dem Fahrrad (ca. 1 \u00bd &#8211; 2h)<\/li>\n<li>Es gibt die M\u00f6glichkeit vom Hauptbahnhof mit dem Zug nach Gramatneusiedl zu fahren (15min). In Gramatneusiedl kann ein Sammeltaxi bestellt werden um zu Ouvertura zu gelangen (5min).<\/li>\n<\/ul>\n<p><u>Kleidung:<\/u><\/p>\n<ul>\n<li>Bitte zieht wetterfeste Kleidung und gutes Schuhwerk an (Zwiebelschalenprinzip ist geeignet f\u00fcr alle Wetterbedingungen)<\/li>\n<\/ul>\n<p><u>Verpflegung:<\/u><\/p>\n<ul>\n<li>F\u00fcr eine warme Mahlzeit, Snacks, Getr\u00e4nke und Kuchen ist gesorgt<\/li>\n<\/ul>\n<p><u>Mitzubringen: <\/u><\/p>\n<ul>\n<li>Falls vorhanden bitte die eigenen Gartenhandschuhe mitbringen!<\/li>\n<\/ul>\n<p><strong>Wichtig! <\/strong><\/p>\n<ul>\n<li>Bitte f\u00fcllt das Survey aus!<\/li>\n<li>Bitte informiert uns per mail \u00fcber Allergien und Unvertr\u00e4glichkeiten, damit wir das bei der Versorgung beachten k\u00f6nnen.<\/li>\n<li>Schreibt uns auch gerne per mail wie ihr anreisen wollt. So k\u00f6nnen wir Menschen vernetzen und die Anreise kann teils gemeinschaftlich organisiert werden.<\/li>\n<li>Das Sammeltaxi muss vorher bestellt werden. Das k\u00f6nnen wir gerne organisieren, wenn du uns Bescheid gibst, dass du es in Anspruch nehmen willst.<\/li>\n<\/ul>\n<p><strong>\u25b6\ufe0f\u25b6\ufe0f Registration \u25c0\ufe0f\u25c0\ufe0f<\/strong><\/p>\n","protected":false},"excerpt":{"rendered":"<p>Datum: 23.05 und 24.05 Time: 09:00-17:00 Organisation: Solidarische Landwirtschaft Ouvertura Sprache: Deutsch Ort: Ouvertura \u2013 Solidarische Landwirtschaft Moosbrunn, auf den Feldern nahe dem Sender Moosbrunn Teilnehmer*innen: max. 20 Personen Anmeldefrist: 15.05 Referent*innen: Sara Schaupp und Barbara Spechtl Sara Schaupp ist im Verein Ouvertura Gr\u00fcndungsmitglied der ersten Stunde und gemeinsam mit Barbara Spechtl u.A. zust\u00e4ndig f\u00fcr [&hellip;]<\/p>\n","protected":false},"author":20,"featured_media":0,"parent":0,"menu_order":0,"comment_status":"closed","ping_status":"closed","template":"","meta":{"_acf_changed":false,"inline_featured_image":false,"footnotes":""},"class_list":["post-17440","page","type-page","status-publish","hentry"],"acf":[],"_links":{"self":[{"href":"https:\/\/klimacamp.at\/en\/wp-json\/wp\/v2\/pages\/17440","targetHints":{"allow":["GET"]}}],"collection":[{"href":"https:\/\/klimacamp.at\/en\/wp-json\/wp\/v2\/pages"}],"about":[{"href":"https:\/\/klimacamp.at\/en\/wp-json\/wp\/v2\/types\/page"}],"author":[{"embeddable":true,"href":"https:\/\/klimacamp.at\/en\/wp-json\/wp\/v2\/users\/20"}],"replies":[{"embeddable":true,"href":"https:\/\/klimacamp.at\/en\/wp-json\/wp\/v2\/comments?post=17440"}],"version-history":[{"count":6,"href":"https:\/\/klimacamp.at\/en\/wp-json\/wp\/v2\/pages\/17440\/revisions"}],"predecessor-version":[{"id":17768,"href":"https:\/\/klimacamp.at\/en\/wp-json\/wp\/v2\/pages\/17440\/revisions\/17768"}],"wp:attachment":[{"href":"https:\/\/klimacamp.at\/en\/wp-json\/wp\/v2\/media?parent=17440"}],"curies":[{"name":"wp","href":"https:\/\/api.w.org\/{rel}","templated":true}]}}