{"id":13428,"date":"2021-06-08T20:07:53","date_gmt":"2021-06-08T18:07:53","guid":{"rendered":"https:\/\/klimacamp.at\/?page_id=13428"},"modified":"2021-06-08T20:07:53","modified_gmt":"2021-06-08T18:07:53","slug":"2021-2","status":"publish","type":"page","link":"https:\/\/klimacamp.at\/en\/2021-2\/","title":{"rendered":"2021"},"content":{"rendered":"<h2 style=\"text-align: center;\">That was Climate Camp 2021! See you next year!<\/h2>\n<p>From 23 to 30 May 2021, the 6th Climate Camp took place near or in Vienna.\u00a0 While at the Danube Canal at the <a href=\"https:\/\/klimacamp.at\/protestcamp\/\">ClimatePROTESTcamp<\/a> people camped and protested for climate justice throughout the week (<a href=\"https:\/\/cba.fro.at\/503229\">opening speech<\/a>), <a href=\"https:\/\/klimacamp.at\/programm\/\">numerous workshops<\/a> and <a href=\"https:\/\/klimacamp.at\/summer-school-2021\/\">Summer Schools<\/a> took place offline at different locations in Vienna . Due to the COVID-19 pandemic, some workshops were also held online. But actually everything was planned differently: The climate camp should have taken place at the Zukunftshof, <strong>but for the first time the police did not recognize the climate camp as a political gathering!<\/strong> <strong><a href=\"#complaint\">We will describe later how this will proceed and what (legal) steps we will take.<\/a><\/strong><\/p>\n<p>Due to this decision of the police, we had to reschedule in a very short time. This made the preparation more difficult, but the climate camp could still be realized. An overwhelmed homepage, several negative COVID-19 tests, overfilled compost toilets, lots of delicious food, concerts in the sunset, numerous campplena and a successful direct action were part of an equally successful Climate Camp 2021.<\/p>\n<p><a href=\"https:\/\/klimacamp.at\/wp-content\/uploads\/2021\/06\/IMG_4768.jpg\" target=\"_blank\" rel=\"noopener\"><img loading=\"lazy\" decoding=\"async\" class=\"alignright wp-image-13399\" src=\"https:\/\/klimacamp.at\/wp-content\/uploads\/2021\/06\/IMG_4768-300x200.jpg\" alt=\"\" width=\"403\" height=\"268\" srcset=\"https:\/\/klimacamp.at\/wp-content\/uploads\/2021\/06\/IMG_4768-300x200.jpg 300w, https:\/\/klimacamp.at\/wp-content\/uploads\/2021\/06\/IMG_4768-1024x683.jpg 1024w, https:\/\/klimacamp.at\/wp-content\/uploads\/2021\/06\/IMG_4768-768x512.jpg 768w, https:\/\/klimacamp.at\/wp-content\/uploads\/2021\/06\/IMG_4768.jpg 1080w\" sizes=\"auto, (max-width: 403px) 100vw, 403px\" \/><\/a>Despite the COVID-19 pandemic, we also tried this year to implement the <strong>four pillars of living alternatives, networking, direct action and education<\/strong> in our work and at camp. Whether on female rage, animal liberation, Just Transition in the airplane industry, mindful activism, or the gift economy; the <a href=\"https:\/\/klimacamp.at\/programm\/\">workshop program<\/a> was as diverse as ever. In addition to the workshops, which lasted between one and a half and three hours, several <a href=\"https:\/\/klimacamp.at\/summer-school-2021\/\">Summer Schools<\/a> were held by different speakers. The Summer Schools offered the opportunity to work intensively on a topic with a fixed group over several half-days. From action climbing to anti-racism and filming as political work to animal-friendly chicken farming; the Summer Schools covered just as many topics and were thus also part of the Education pillar. Participants of the Summer Schools presented the experiences they had gathered over the week at the end of the camp. <a href=\"https:\/\/www.youtube.com\/watch?v=EYUeuM_gP0I\">You can watch a\u00a0 first video of this here<\/a>.<\/p>\n<p>Although the COVID-19 pandemic made larger gatherings difficult, the <strong>networking<\/strong> pillar was also part of Climate Camp 2021. In <a href=\"https:\/\/klimacamp. at\/workshop\/the-role-of-degrowth-for-environmental-actors-in-vienna-a-panel-discussion\/\"><i>The Role of Degrowth for Enviornmental Actors in Vienna: A Panel Discussion<\/i><\/a> at Kunsttankstelle Ottakring, several actors (Extinction Rebellion, Fridays for Future, KlimAttac, System Change not Climate Change! and the Klimavolksbegehren) talked about the necessity of degrowth and how to deal with economic constraints in their own political work. At the Summer School <a href=\"https:\/\/klimacamp.at\/summer-school-2021\/anti-racism\/\"><i>How anti-racist is your environmental awareness practice?<\/i><\/a>, speakers organized online exchange spaces with activists leading political struggles in Namibia, Germany, Chile, or Mexico. Meanwhile, several struggles also came together at the <a href=\"https:\/\/klimacamp.at\/protestcamp\/\">ClimatePROTESTcamp<\/a>. At the camp, the Sezonieri Campaign raised awareness about the rights of harvest workers in Austria, and the Colombian Diaspora in Austria educated about the violent repression of the neoliberal regime under Iv\u00e1n Duque.<\/p>\n<h2 style=\"text-align: center;\"><img loading=\"lazy\" decoding=\"async\" class=\" wp-image-13407 alignleft\" src=\"https:\/\/klimacamp.at\/wp-content\/uploads\/2021\/06\/IMG_4711-300x200.jpg\" alt=\"\" width=\"303\" height=\"202\" srcset=\"https:\/\/klimacamp.at\/wp-content\/uploads\/2021\/06\/IMG_4711-300x200.jpg 300w, https:\/\/klimacamp.at\/wp-content\/uploads\/2021\/06\/IMG_4711-1024x683.jpg 1024w, https:\/\/klimacamp.at\/wp-content\/uploads\/2021\/06\/IMG_4711-768x512.jpg 768w, https:\/\/klimacamp.at\/wp-content\/uploads\/2021\/06\/IMG_4711.jpg 1080w\" sizes=\"auto, (max-width: 303px) 100vw, 303px\" \/><\/h2>\n<p>At the same time, the ClimatePROTESTcamp offered space to try out and live out <strong>alternatives<\/strong>. While <a href=\"https:\/\/twitter.com\/robin_foods\/status\/1397191800134283267\">Robin Foods<\/a> conjured up delicious dishes from discarded food and was supported by numerous helping hands in cooking, next door at Murat&#8217;s people could repair their bicycles. The ClimatePROTESTcamp at the Danube Canal was also the most publicly accessible climate camp in and near Vienna so far. Along with this came everyday conflicts that the care and awareness team worked on, showing that conflicts can be resolved without state violence.<\/p>\n<p>No climate camp without <strong>direct action<\/strong>! <a href=\"https:\/\/systemchange-not-climatechange.at\/de\/presseaussendung-lobau-autobahn-blockadeaktion-mit-ueber-150-aktivistinnen-am-donaukanal-in-wien-gegen-fossiles-monsterprojekt\/\">On May 28, System Change not Climate Change<\/a>! carried out an action of civil disobedience as part of the climate camp. The activists drew attention with banners and a blockade against the planned Lobau highway and its feeder roads. In the midst of the climate crisis, they demanded an end to these fossil fuel projects. Because traffic remains in Austria the climate killer No.1. A climate just mobility turn is urgently necessary in Austria!<img loading=\"lazy\" decoding=\"async\" class=\"size-medium wp-image-13403 alignright\" src=\"https:\/\/klimacamp.at\/wp-content\/uploads\/2021\/06\/IMG_4756-300x200.jpg\" alt=\"\" width=\"300\" height=\"200\" srcset=\"https:\/\/klimacamp.at\/wp-content\/uploads\/2021\/06\/IMG_4756-300x200.jpg 300w, https:\/\/klimacamp.at\/wp-content\/uploads\/2021\/06\/IMG_4756-1024x683.jpg 1024w, https:\/\/klimacamp.at\/wp-content\/uploads\/2021\/06\/IMG_4756-768x512.jpg 768w, https:\/\/klimacamp.at\/wp-content\/uploads\/2021\/06\/IMG_4756.jpg 1080w\" sizes=\"auto, (max-width: 300px) 100vw, 300px\" \/><br \/>\nWhile activists from System Change not Climate Change! blocked the Aspern Bridge and turned the Danube Canal into a symbolic highway, a demonstration with Fridays for Future, Extinction Rebellion, Platz f\u00fcr Wien, Lobau bleibt!, Hirschstetten-retten and many more marched through downtown Vienna. The demonstration stopped at those fossil actors (City of Vienna, SP Vienna, Federation of Austrian Industries, ASFINAG, etc.) who are involved in the construction of the Lobau highway or want to profit from it. The action and the demonstration against the Lobau freeway are only one part of many to come. Because:<br \/>\n<strong>Lobau remains! Lobau remains! Lobau, Lobau, Lobau; remains, remains, remains! <\/strong><\/p>\n<p id=\"Complaint\" style=\"text-align: left;\"><span style=\"color: #339966;\"><strong>So the Climate Camp 2021 is over, but our work continues<\/strong>. <\/span>Because actually the climate camp should have taken place at the beautiful Zukunftshof in Rothneusiedl. We had already started with the construction and preparations. <strong>But for the first time in the history of the climate camp\u00a0 the Landespolizeidirektion Wien (regional police headquarters Vienna) did not recognize the climate camp as a political assembly!<\/strong> We do not accept the decision of the LPD Wien and therefore we&#8217;ll appeal against this decision! So that camping remains a form of protest, so that climate justice in Austria is (finally) understood as a political concern, so that we can set a precedent, so that in 2022 the next climate camp can be realized!<\/p>\n<p>For the appeal we need legal support and therefore also money. Therefore we are happy about <strong>donations<\/strong> to:<br \/>\nAccount wording: Verein zur Unterst\u00fctzung der Bewegung f\u00fcr ein Gutes Leben f\u00fcr Alle<br \/>\nIBAN: AT20 3412 9881 0021 6671<br \/>\nBIC: RZOOAT2L129<br \/>\nBank: Raiffeisen Gunskirchen<br \/>\nSubject: Protest Camp<\/p>\n<p><strong>You want to help organize the next climate camp near Vienna? Then send us an email to <a href=\"mailto:mitmachen@klimacamp.at\">mitmachen@klimacamp.at<\/a>.<\/strong><\/p>\n<ul>\n<li><a href=\"https:\/\/cba.fro.at\/503229\">The opening speech of the climate camp 2021 (German)<\/a><\/li>\n<li><a href=\"https:\/\/klimacamp.at\/protestcamp\/\">The ClimatePROTESTcamp<\/a><\/li>\n<li><a href=\"https:\/\/www.flickr.com\/photos\/165549340@N04\/albums\/72157719308675575\">Impressions from the climate camp 2021 (Flickr)<\/a><\/li>\n<li><a href=\"https:\/\/klimacamp.at\/aktionstag-2805\/\">Action Day<\/a><\/li>\n<\/ul>\n<p><a title=\"Klimacamp 2021\" href=\"https:\/\/www.flickr.com\/photos\/165549340@N04\/albums\/72157719308675575\" data-flickr-embed=\"true\"><img loading=\"lazy\" decoding=\"async\" class=\"\" src=\"https:\/\/live.staticflickr.com\/65535\/51198978087_93b6de1925_h.jpg\" alt=\"Klimacamp 2021\" width=\"544\" height=\"364\" \/><\/a><script async src=\"\/\/embedr.flickr.com\/assets\/client-code.js\" charset=\"utf-8\"><\/script><\/p>\n","protected":false},"excerpt":{"rendered":"<p>That was Climate Camp 2021! See you next year! From 23 to 30 May 2021, the 6th Climate Camp took place near or in Vienna.\u00a0 While at the Danube Canal at the ClimatePROTESTcamp people camped and protested for climate justice throughout the week (opening speech), numerous workshops and Summer Schools took place offline at different [&hellip;]<\/p>\n","protected":false},"author":16,"featured_media":0,"parent":0,"menu_order":0,"comment_status":"closed","ping_status":"closed","template":"","meta":{"_acf_changed":false,"inline_featured_image":false,"footnotes":""},"class_list":["post-13428","page","type-page","status-publish","hentry"],"acf":[],"_links":{"self":[{"href":"https:\/\/klimacamp.at\/en\/wp-json\/wp\/v2\/pages\/13428","targetHints":{"allow":["GET"]}}],"collection":[{"href":"https:\/\/klimacamp.at\/en\/wp-json\/wp\/v2\/pages"}],"about":[{"href":"https:\/\/klimacamp.at\/en\/wp-json\/wp\/v2\/types\/page"}],"author":[{"embeddable":true,"href":"https:\/\/klimacamp.at\/en\/wp-json\/wp\/v2\/users\/16"}],"replies":[{"embeddable":true,"href":"https:\/\/klimacamp.at\/en\/wp-json\/wp\/v2\/comments?post=13428"}],"version-history":[{"count":1,"href":"https:\/\/klimacamp.at\/en\/wp-json\/wp\/v2\/pages\/13428\/revisions"}],"predecessor-version":[{"id":13429,"href":"https:\/\/klimacamp.at\/en\/wp-json\/wp\/v2\/pages\/13428\/revisions\/13429"}],"wp:attachment":[{"href":"https:\/\/klimacamp.at\/en\/wp-json\/wp\/v2\/media?parent=13428"}],"curies":[{"name":"wp","href":"https:\/\/api.w.org\/{rel}","templated":true}]}}