{"id":13,"date":"2018-09-30T12:45:19","date_gmt":"2018-09-30T10:45:19","guid":{"rendered":"http:\/\/localhost\/klimacamp_at\/?page_id=13"},"modified":"2021-05-03T18:52:35","modified_gmt":"2021-05-03T16:52:35","slug":"programm-2019","status":"publish","type":"page","link":"https:\/\/klimacamp.at\/en\/programm-2019\/","title":{"rendered":"Programm"},"content":{"rendered":"<div class=\"message_content rendered_markdown could-be-condensed\">\n<h2><strong>Summer School, Workshops &amp; mehr<\/strong><\/h2>\n<p><strong>[<a href=\"https:\/\/klimacamp.at\/summer-school\/\">zur Summer School<\/a>] [<a href=\"https:\/\/klimacamp.at\/workshopprogramm\/\">zu den Workshops]<\/a> [<a href=\"https:\/\/klimacamp.at\/programm\/rahmenprogramm\/\">zum Rahmenprogramm<\/a>] [<a href=\"https:\/\/klimacamp.at\/wp-content\/uploads\/2020\/08\/StadttKlimacamp_Programmu\u0308bersicht-1.pdf\">Stadt(t)Klimacamp_Programmu\u0308bersicht<\/a>]<br \/>\n<\/strong><\/p>\n<p><a href=\"https:\/\/klimacamp.at\/wp-content\/uploads\/2020\/08\/StadttKlimacamp_Programmu%CC%88bersicht-1.pdf\"><img loading=\"lazy\" decoding=\"async\" class=\"alignnone wp-image-7697 \" src=\"https:\/\/klimacamp.at\/wp-content\/uploads\/2020\/08\/SKC_Programmu\u0308bersicht.jpg\" alt=\"\" width=\"977\" height=\"275\" srcset=\"https:\/\/klimacamp.at\/wp-content\/uploads\/2020\/08\/SKC_Programmu\u0308bersicht.jpg 1080w, https:\/\/klimacamp.at\/wp-content\/uploads\/2020\/08\/SKC_Programmu\u0308bersicht-300x84.jpg 300w, https:\/\/klimacamp.at\/wp-content\/uploads\/2020\/08\/SKC_Programmu\u0308bersicht-1024x288.jpg 1024w, https:\/\/klimacamp.at\/wp-content\/uploads\/2020\/08\/SKC_Programmu\u0308bersicht-768x216.jpg 768w\" sizes=\"auto, (max-width: 977px) 100vw, 977px\" \/><\/a><\/p>\n<p>Aufgrund der aktuellen Lage konnte das f\u00fcr Juni geplante Klimacamp 2020 leider nicht in seiner gewohnten Form stattfinden.<br \/>\nDoch gerade jetzt ist es an der Zeit, Utopien zu leben und Ideen des guten Lebens f\u00fcr alle zu entwickeln. Aus diesem Grund haben wir uns dazu entschieden, das Klimacamp vom 31. August bis 5. September 2020 in die Stadt Wien zu holen &#8211; mit einem den Umst\u00e4nden angepassten <strong>f\u00fcnft\u00e4gigen Programm an Summer Schools, Workshops, Diskussionsrunden, Podien und Musik<\/strong>! Gemeinsam mit euch wollen wir Anfang September Utopien und Visionen einer Gesellschaft spinnen, die auf Solidarit\u00e4t, Nachhaltigkeit und Freiheit baut.<\/p>\n<p>Corona hat die Spielregeln von Ungleichheit und Ausbeutung im neoliberalen Kapitalismus versch\u00e4rft. W\u00e4hrend der weltweite Lockdown Millionen Menschen in akuter Armut bedroht, wird der Raubbau an der Natur vorangetrieben. Der Tod von George Floyd und die weltweiten #blacklivesmatter &#8211; Proteste als Antwort darauf, verdeutlicht, dass antirassistische Arbeit an jedem Ort der Weiterbildung stattfinden sollte. Auch der Angriff t\u00fcrkischer Faschistinnen auf eine kurdische Frauendemo zeigt erneut, was noch immer in den K\u00f6pfen vieler verankert ist: Nationalismus, patriarchale Machtstrukturen und eine Angst vor der Erhebung von Frauen, Queers und LGBTI*Personen.<\/p>\n<p>Mit dem diesj\u00e4hrigen intersektionalen Stadt(t)-KlimaCamp wollen wir auch ein Zeichen von Solidarit\u00e4t mit den weltweit von der Krise Betroffenen, Unterdr\u00fcckten und Widerst\u00e4ndigen setzen. Dazu soll Raum f\u00fcr Diskussion, Vernetzung und Aktion entstehen. Dabei wollen wir auch \u00fcber unsere eigene Rolle und Positionierung innerhalb der Klimabewegung nachdenken.<br \/>\nNachmittags gibt es Workshops zu Themen wie critical Whiteness, critical masculinity, Recht auf Stadt. Au\u00dferdem gibt es ein <strong>bike kitchen<\/strong>, ein <strong>Aktionstraining<\/strong> und diverse M\u00f6glichkeiten, Gruppen, NGOs und B\u00fcndnisse kennenzulernen und sich zu vernetzen. Abends wird es <strong>Podien, Performances und eine queerfeministische Party <\/strong>geben!<\/p>\n<p>Falls ihr nicht aus Wien seid und euch nicht selbst einen Schlafplatz zu organisieren, habt ihr die M\u00f6glichkeit, \u00fcber eine Bettenb\u00f6rse bei jemandem unterzukommen. Diese findet ihr rechtzeitig online.<\/p>\n<p>W\u00e4hrend des Stadt(t)-Klimacamps werden auch noch helping hands gesucht &#8211; also Menschen, die bei der Betreuung von Workshop\/Summer School-Leiter*innen, beim Kochen, Auf- und Abbau, sowie der Kinderbetreuung helfen k\u00f6nnten. Falls du Lust hast, melde dich gerne vor Ort oder am besten per Mail bei uns &#8211; wir freuen uns sehr \u00fcber deine Unterst\u00fctzung!<\/p>\n<p>Wo das Klimacamp stattfinden wird, ein genauer timetable, das Anmeldungsformular und weitere wichtige Infos, werden wir rechtzeitig online bekanntgeben oder euch per Mail schicken.<\/p>\n<p>Wir freuen uns auf eure Teilnahme!<\/p>\n<p><strong>\u25b6\ufe0f \u25b6\ufe0f Anmeldung: Summer School <a href=\"https:\/\/survey.klimacamp.at\/index.php\/911594?lang=de\">hier<\/a> \u25c0\ufe0f \u25c0\ufe0f<br \/>\n\u25b6\ufe0f \u25b6\ufe0f Anmeldung Workshopprogramm und Rahmenprogramm <a href=\"https:\/\/survey.klimacamp.at\/index.php\/786425?lang=de\">hier<\/a> \u25c0\ufe0f \u25c0\ufe0f<\/strong><\/p>\n<p>&nbsp;<\/p>\n<\/div>\n","protected":false},"excerpt":{"rendered":"<p>Summer School, Workshops &amp; mehr [zur Summer School] [zu den Workshops] [zum Rahmenprogramm] [Stadt(t)Klimacamp_Programmu\u0308bersicht] Aufgrund der aktuellen Lage konnte das f\u00fcr Juni geplante Klimacamp 2020 leider nicht in seiner gewohnten Form stattfinden. Doch gerade jetzt ist es an der Zeit, Utopien zu leben und Ideen des guten Lebens f\u00fcr alle zu entwickeln. Aus diesem Grund [&hellip;]<\/p>\n","protected":false},"author":1,"featured_media":0,"parent":0,"menu_order":0,"comment_status":"closed","ping_status":"closed","template":"","meta":{"_acf_changed":false,"inline_featured_image":false,"footnotes":""},"class_list":["post-13","page","type-page","status-publish","hentry"],"acf":[],"_links":{"self":[{"href":"https:\/\/klimacamp.at\/en\/wp-json\/wp\/v2\/pages\/13","targetHints":{"allow":["GET"]}}],"collection":[{"href":"https:\/\/klimacamp.at\/en\/wp-json\/wp\/v2\/pages"}],"about":[{"href":"https:\/\/klimacamp.at\/en\/wp-json\/wp\/v2\/types\/page"}],"author":[{"embeddable":true,"href":"https:\/\/klimacamp.at\/en\/wp-json\/wp\/v2\/users\/1"}],"replies":[{"embeddable":true,"href":"https:\/\/klimacamp.at\/en\/wp-json\/wp\/v2\/comments?post=13"}],"version-history":[{"count":15,"href":"https:\/\/klimacamp.at\/en\/wp-json\/wp\/v2\/pages\/13\/revisions"}],"predecessor-version":[{"id":7797,"href":"https:\/\/klimacamp.at\/en\/wp-json\/wp\/v2\/pages\/13\/revisions\/7797"}],"wp:attachment":[{"href":"https:\/\/klimacamp.at\/en\/wp-json\/wp\/v2\/media?parent=13"}],"curies":[{"name":"wp","href":"https:\/\/api.w.org\/{rel}","templated":true}]}}