{"id":12063,"date":"2021-04-10T20:16:56","date_gmt":"2021-04-10T18:16:56","guid":{"rendered":"https:\/\/klimacamp.at\/?page_id=12063"},"modified":"2021-05-13T12:50:08","modified_gmt":"2021-05-13T10:50:08","slug":"summer-school-2021-english","status":"publish","type":"page","link":"https:\/\/klimacamp.at\/en\/summer-school-2021-english\/","title":{"rendered":"Summer School 2021"},"content":{"rendered":"<p>The <b>Summer School courses<\/b> enable a permanent group to deal with a topic in depth for four half days. In this way, we want to enable an intensive and sustainable discussion of the content and networking of our struggles for a necessary system change. The courses will be conducted in different languages and, due to the Corona situation, will be as decentralised and outdoor as possible. Some Summer School courses will also take place online.<\/p>\n<p><b>Registration:<br \/>\n<\/b><\/p>\n<p><strong>\u25b6\ufe0f\u25b6\ufe0f <a href=\"https:\/\/sommerschool2021.limesurvey.net\/936847\">German version<\/a> \u25c0\ufe0f\u25c0\ufe0f<\/strong><\/p>\n<p><strong>\u25b6\ufe0f\u25b6\ufe0f <a href=\"https:\/\/sommerschool2021.limesurvey.net\/986394?lang=en\">English version<\/a> \u25c0\ufe0f\u25c0\ufe0f<\/strong><\/p>\n<p>Each Summer School has space for approximately 8-20 participants. Registration is on a first come, first served basis. In order to allow for a diversity of participants, we especially want to encourage people with experiences of discrimination (such as BI_POC, LGBTQI, migrants, single parents, workers and people from smallholder families) to register and prioritize you in the allocation of places if necessary.<\/p>\n<p><strong>Times<\/strong><\/p>\n<p>The courses take place at different times on different dates, so a combination of two courses is, in some cases, possible. Here you can see an overview of the courses available in English and times they take places:<\/p>\n<p><img loading=\"lazy\" decoding=\"async\" class=\"alignnone wp-image-12835\" src=\"https:\/\/klimacamp.at\/wp-content\/uploads\/2021\/05\/Screen-Shot-2021-05-10-at-12.59.26-300x49.png\" alt=\"\" width=\"1004\" height=\"164\" srcset=\"https:\/\/klimacamp.at\/wp-content\/uploads\/2021\/05\/Screen-Shot-2021-05-10-at-12.59.26-300x49.png 300w, https:\/\/klimacamp.at\/wp-content\/uploads\/2021\/05\/Screen-Shot-2021-05-10-at-12.59.26-1024x168.png 1024w, https:\/\/klimacamp.at\/wp-content\/uploads\/2021\/05\/Screen-Shot-2021-05-10-at-12.59.26-768x126.png 768w, https:\/\/klimacamp.at\/wp-content\/uploads\/2021\/05\/Screen-Shot-2021-05-10-at-12.59.26.png 1080w\" sizes=\"auto, (max-width: 1004px) 100vw, 1004px\" \/><\/p>\n<p><b>Childcare<\/b>:<\/p>\n<p>For a radical system change we need everyone! Being a parent should not exclude anyone from getting\/staying politically educated or active. Therefore, we offer childcare during the course times. Please let us know when you register, if you want to take advantage of this.<\/p>\n<p><b>Course fee:<\/b><\/p>\n<p>The organization team of the climate camp works on a purely voluntary basis. We finance the camp from donations, contributions and grants. However, the speakers are paid for their work (at least with an expense allowance). We ask you to contribute according to your own financial means:<\/p>\n<ul>\n<li style=\"list-style-type: none;\">\n<ul>\n<li>\u20ac20<\/li>\n<li>\u20ac40<\/li>\n<li>If this is still not feasible for you, <a href=\"mailto:programm@klimacamp.at\">please write to us<\/a> and we will find a solution. Money should not prevent anyone from participating!<\/li>\n<li>However, if you can afford to pay the 60 euro contribution, you are helping to finance the participation of others<\/li>\n<\/ul>\n<\/li>\n<\/ul>\n<p><b>Programme in Englisch<br \/>\n<\/b><\/p>\n<ul>\n<li style=\"list-style-type: none;\">\n<ul>\n<li aria-level=\"1\"><a href=\"https:\/\/klimacamp.at\/summer-school-2021\/anti-racism\/\">How anti-racist is your environmental awareness practice (Online)<\/a><\/li>\n<li aria-level=\"1\"><a href=\"https:\/\/klimacamp.at\/queerfeminismus\/\">Thinking and practicing queerfeminism in an eco-context (Online)<\/a><\/li>\n<li aria-level=\"1\"><a href=\"https:\/\/klimacamp.at\/aktionsklettern\/\">Climbing for actions (Vienna)<\/a><\/li>\n<li aria-level=\"1\">Movies for political and activist work &#8211; Design &#8211; Record &#8211; Edit (Vienna)<\/li>\n<li aria-level=\"1\">Graffiti &#8211; spray your creativity out of yourself (Vienna)<\/li>\n<\/ul>\n<\/li>\n<\/ul>\n<p>These additional courses are only provided in German:<\/p>\n<ul>\n<li style=\"list-style-type: none;\">\n<ul>\n<li aria-level=\"1\"><a href=\"https:\/\/klimacamp.at\/gartenbau-und-permakultur\/\">Gartenbau und Permakultur in der Solidarischen Landwirtschaft Ouvertura (Lower Austria)<\/a><\/li>\n<li aria-level=\"1\"><a href=\"https:\/\/klimacamp.at\/huehnerhaltung\/\">Naturnahe, tiergerechte H\u00fchnerhaltung in Kleingruppen und im eigenen Garten <\/a><a href=\"https:\/\/klimacamp.at\/gartenbau-und-permakultur\/\">(Lower Austria)<\/a><\/li>\n<li aria-level=\"1\"><a href=\"https:\/\/klimacamp.at\/lets-act\/\">Let\u2019s Act! \u2013 Aktionen im \u00f6ffentlichen Raum: von Planung \u00fcber Durchf\u00fchrung bis Nachbereitung (Vienna)<\/a><\/li>\n<li aria-level=\"1\">Revolution\u00e4re Solidargemeinschaften (online)<\/li>\n<li aria-level=\"1\">Sustainable Aktivism (Online)<\/li>\n<\/ul>\n<\/li>\n<\/ul>\n<p><b>Alternative program:<\/b><\/p>\n<p>You don&#8217;t have so much time? No problem! In addition to the Summer School, there will be 3-hour workshops and other forms of programme throughout the week. The programme for the Climate Camp 2021 will be published on 12 April 2021. So you have to be patient a little longer.<\/p>\n<p><strong>Financial support<\/strong>:<\/p>\n<p><img loading=\"lazy\" decoding=\"async\" class=\"alignnone wp-image-11580\" src=\"https:\/\/klimacamp.at\/wp-content\/uploads\/2021\/03\/System_Reset-alternative-logo-295x300.png\" alt=\"\" width=\"217\" height=\"221\" srcset=\"https:\/\/klimacamp.at\/wp-content\/uploads\/2021\/03\/System_Reset-alternative-logo-295x300.png 295w, https:\/\/klimacamp.at\/wp-content\/uploads\/2021\/03\/System_Reset-alternative-logo.png 495w\" sizes=\"auto, (max-width: 217px) 100vw, 217px\" \/><img loading=\"lazy\" decoding=\"async\" class=\"alignnone wp-image-11594\" src=\"https:\/\/klimacamp.at\/wp-content\/uploads\/2021\/03\/081b1d37dfacdbb1ad3cd5c907c44dd4a4329797_original-300x86.jpg\" alt=\"\" width=\"164\" height=\"47\" srcset=\"https:\/\/klimacamp.at\/wp-content\/uploads\/2021\/03\/081b1d37dfacdbb1ad3cd5c907c44dd4a4329797_original-300x86.jpg 300w, https:\/\/klimacamp.at\/wp-content\/uploads\/2021\/03\/081b1d37dfacdbb1ad3cd5c907c44dd4a4329797_original-1024x292.jpg 1024w, https:\/\/klimacamp.at\/wp-content\/uploads\/2021\/03\/081b1d37dfacdbb1ad3cd5c907c44dd4a4329797_original-768x219.jpg 768w, https:\/\/klimacamp.at\/wp-content\/uploads\/2021\/03\/081b1d37dfacdbb1ad3cd5c907c44dd4a4329797_original.jpg 1080w\" sizes=\"auto, (max-width: 164px) 100vw, 164px\" \/>EU Projekt: system:reset and <a href=\"https:\/\/www.global2000.at\/\">Global 2000<\/a>.<\/p>\n","protected":false},"excerpt":{"rendered":"<p>The Summer School courses enable a permanent group to deal with a topic in depth for four half days. In this way, we want to enable an intensive and sustainable discussion of the content and networking of our struggles for a necessary system change. The courses will be conducted in different languages and, due to [&hellip;]<\/p>\n","protected":false},"author":16,"featured_media":0,"parent":0,"menu_order":0,"comment_status":"closed","ping_status":"closed","template":"","meta":{"_acf_changed":false,"inline_featured_image":false,"ocean_post_layout":"","ocean_both_sidebars_style":"","ocean_both_sidebars_content_width":0,"ocean_both_sidebars_sidebars_width":0,"ocean_sidebar":"","ocean_second_sidebar":"","ocean_disable_margins":"enable","ocean_add_body_class":"","ocean_shortcode_before_top_bar":"","ocean_shortcode_after_top_bar":"","ocean_shortcode_before_header":"","ocean_shortcode_after_header":"","ocean_has_shortcode":"","ocean_shortcode_after_title":"","ocean_shortcode_before_footer_widgets":"","ocean_shortcode_after_footer_widgets":"","ocean_shortcode_before_footer_bottom":"","ocean_shortcode_after_footer_bottom":"","ocean_display_top_bar":"default","ocean_display_header":"default","ocean_header_style":"","ocean_center_header_left_menu":"","ocean_custom_header_template":"","ocean_custom_logo":0,"ocean_custom_retina_logo":0,"ocean_custom_logo_max_width":0,"ocean_custom_logo_tablet_max_width":0,"ocean_custom_logo_mobile_max_width":0,"ocean_custom_logo_max_height":0,"ocean_custom_logo_tablet_max_height":0,"ocean_custom_logo_mobile_max_height":0,"ocean_header_custom_menu":"","ocean_menu_typo_font_family":"","ocean_menu_typo_font_subset":"","ocean_menu_typo_font_size":0,"ocean_menu_typo_font_size_tablet":0,"ocean_menu_typo_font_size_mobile":0,"ocean_menu_typo_font_size_unit":"px","ocean_menu_typo_font_weight":"","ocean_menu_typo_font_weight_tablet":"","ocean_menu_typo_font_weight_mobile":"","ocean_menu_typo_transform":"","ocean_menu_typo_transform_tablet":"","ocean_menu_typo_transform_mobile":"","ocean_menu_typo_line_height":0,"ocean_menu_typo_line_height_tablet":0,"ocean_menu_typo_line_height_mobile":0,"ocean_menu_typo_line_height_unit":"","ocean_menu_typo_spacing":0,"ocean_menu_typo_spacing_tablet":0,"ocean_menu_typo_spacing_mobile":0,"ocean_menu_typo_spacing_unit":"","ocean_menu_link_color":"","ocean_menu_link_color_hover":"","ocean_menu_link_color_active":"","ocean_menu_link_background":"","ocean_menu_link_hover_background":"","ocean_menu_link_active_background":"","ocean_menu_social_links_bg":"","ocean_menu_social_hover_links_bg":"","ocean_menu_social_links_color":"","ocean_menu_social_hover_links_color":"","ocean_disable_title":"default","ocean_disable_heading":"default","ocean_post_title":"","ocean_post_subheading":"","ocean_post_title_style":"","ocean_post_title_background_color":"","ocean_post_title_background":0,"ocean_post_title_bg_image_position":"","ocean_post_title_bg_image_attachment":"","ocean_post_title_bg_image_repeat":"","ocean_post_title_bg_image_size":"","ocean_post_title_height":0,"ocean_post_title_bg_overlay":0.5,"ocean_post_title_bg_overlay_color":"","ocean_disable_breadcrumbs":"default","ocean_breadcrumbs_color":"","ocean_breadcrumbs_separator_color":"","ocean_breadcrumbs_links_color":"","ocean_breadcrumbs_links_hover_color":"","ocean_display_footer_widgets":"default","ocean_display_footer_bottom":"default","ocean_custom_footer_template":"","footnotes":""},"class_list":["post-12063","page","type-page","status-publish","hentry","entry"],"acf":[],"_links":{"self":[{"href":"https:\/\/klimacamp.at\/en\/wp-json\/wp\/v2\/pages\/12063","targetHints":{"allow":["GET"]}}],"collection":[{"href":"https:\/\/klimacamp.at\/en\/wp-json\/wp\/v2\/pages"}],"about":[{"href":"https:\/\/klimacamp.at\/en\/wp-json\/wp\/v2\/types\/page"}],"author":[{"embeddable":true,"href":"https:\/\/klimacamp.at\/en\/wp-json\/wp\/v2\/users\/16"}],"replies":[{"embeddable":true,"href":"https:\/\/klimacamp.at\/en\/wp-json\/wp\/v2\/comments?post=12063"}],"version-history":[{"count":19,"href":"https:\/\/klimacamp.at\/en\/wp-json\/wp\/v2\/pages\/12063\/revisions"}],"predecessor-version":[{"id":12926,"href":"https:\/\/klimacamp.at\/en\/wp-json\/wp\/v2\/pages\/12063\/revisions\/12926"}],"wp:attachment":[{"href":"https:\/\/klimacamp.at\/en\/wp-json\/wp\/v2\/media?parent=12063"}],"curies":[{"name":"wp","href":"https:\/\/api.w.org\/{rel}","templated":true}]}}