{"id":1143,"date":"2019-04-09T21:11:35","date_gmt":"2019-04-09T19:11:35","guid":{"rendered":"https:\/\/klimacamp.at\/?page_id=1143"},"modified":"2019-06-03T14:45:32","modified_gmt":"2019-06-03T12:45:32","slug":"day-of-action","status":"publish","type":"page","link":"https:\/\/klimacamp.at\/en\/day-of-action\/","title":{"rendered":"Day of Action for Climate Justice"},"content":{"rendered":"<p><img loading=\"lazy\" decoding=\"async\" class=\"aligncenter wp-image-858 \" src=\"https:\/\/klimacamp.at\/wp-content\/uploads\/2019\/04\/Screen-Shot-2019-04-03-at-17.56.33.png\" alt=\"\" width=\"282\" height=\"132\" srcset=\"https:\/\/klimacamp.at\/wp-content\/uploads\/2019\/04\/Screen-Shot-2019-04-03-at-17.56.33.png 732w, https:\/\/klimacamp.at\/wp-content\/uploads\/2019\/04\/Screen-Shot-2019-04-03-at-17.56.33-300x140.png 300w\" sizes=\"auto, (max-width: 282px) 100vw, 282px\" \/><\/p>\n<p>The traffic is Austria&#8217;s biggest climate killer.<\/p>\n<p>Stench of exhaust, car noise, completely parked areas. More and more space is still be created for cars, whereas people are expelled from the city centre by excessive rents and have to commute by car. Still\u00a0 incredible amounts of money and resources are being invested in the preservation and expansion of\u00a0 infrastructure projects based on fossil fuels.<\/p>\n<p>We can&#8217;t go on like this!<\/p>\n<p><strong>We will retake the streets from the cars<\/strong> \u2013 on foot and by bike, with creative actions on the big Day of Action for Climate Justice of <a href=\"http:\/\/systemchange-not-climatechange.at\/\">System Change, not Climate Change<\/a> and the Climate Camp near Vienna. Because we stand against the construction of new large CO2 emitters like the Lobau highway and the 3rd runway, against the authoritarian politics of the right-wing Austrian government and against a transport policy that aggravates the climate crisis.<\/p>\n<p><strong>Be part of one of the manifold disobedient actions!<\/strong><\/p>\n<p>You can find the Action consensus for the Day of Action here. If you want to organize an action with your group or have any questions about the Day of Action: Write us an e-mail: aktionstag [at] klimacamp.at.<\/p>\n<p>You can get the PGP key <a href=\"https:\/\/cloud.klimacamp.at\/index.php\/s\/JGeytwE9MsoFoCd\">here<\/a>.<\/p>\n<h1>Actions on May 31:<\/h1>\n<p><strong><img loading=\"lazy\" decoding=\"async\" class=\"wp-image-1983 alignleft\" src=\"https:\/\/klimacamp.at\/wp-content\/uploads\/2019\/05\/SCnCC_Logo_small.png\" alt=\"\" width=\"103\" height=\"100\" \/>Demonstration of <a href=\"http:\/\/systemchange-not-climatechange.at\/\">System Change, not Climate Change<\/a>!<\/strong><\/p>\n<p>Colourful and loud against fossil mobility! All together we speak up for a clean and just future with a kids and youth action of the Climate Camp near Vienna: <strong><u>For every child in the world. Hand in hand for a better future<\/u><\/strong><\/p>\n<p>Meeting place: 13.00 at Heldenplatz<\/p>\n<p>&nbsp;<\/p>\n<p><strong><img loading=\"lazy\" decoding=\"async\" class=\" wp-image-1956 alignleft\" src=\"https:\/\/klimacamp.at\/wp-content\/uploads\/2019\/05\/59699238_309352556649311_1208290195762315264_n-300x300.png\" alt=\"\" width=\"100\" height=\"100\" srcset=\"https:\/\/klimacamp.at\/wp-content\/uploads\/2019\/05\/59699238_309352556649311_1208290195762315264_n-300x300.png 300w, https:\/\/klimacamp.at\/wp-content\/uploads\/2019\/05\/59699238_309352556649311_1208290195762315264_n-150x150.png 150w, https:\/\/klimacamp.at\/wp-content\/uploads\/2019\/05\/59699238_309352556649311_1208290195762315264_n.png 520w\" sizes=\"auto, (max-width: 100px) 100vw, 100px\" \/>We say <a href=\"http:\/\/ende-gelaendewagen.org\/\">Ende Gel\u00e4ndewagen<\/a>!<\/strong><\/p>\n<p>On Friday, 31\/05\/2019 we take the protection of our climate, environment and health into our own hands. With an action of civil disobedience, we take a stand for a car-free Vienna and for climate justice. Because the following statement also applies to the transport sector: climate protection is manual work!<\/p>\n<p>Meeting place: 13.00 at metro <strong>U1 Donauinsel<\/strong> or at 11:00 at the Climate Camp (Event Tent)<\/p>\n<p>&nbsp;<\/p>\n<p><strong><a href=\"http:\/\/xrebellion.at\/\"><img loading=\"lazy\" decoding=\"async\" class=\"wp-image-1970 alignleft\" src=\"https:\/\/klimacamp.at\/wp-content\/uploads\/2019\/05\/50976899_989491011257604_2974122508673875968_n-300x300.jpg\" alt=\"\" width=\"103\" height=\"103\" srcset=\"https:\/\/klimacamp.at\/wp-content\/uploads\/2019\/05\/50976899_989491011257604_2974122508673875968_n-300x300.jpg 300w, https:\/\/klimacamp.at\/wp-content\/uploads\/2019\/05\/50976899_989491011257604_2974122508673875968_n-150x150.jpg 150w, https:\/\/klimacamp.at\/wp-content\/uploads\/2019\/05\/50976899_989491011257604_2974122508673875968_n.jpg 360w\" sizes=\"auto, (max-width: 103px) 100vw, 103px\" \/><\/a><a href=\"http:\/\/xrebellion.at\/\">Extinction Rebellion<\/a><\/strong><\/p>\n<p><strong>Briefing at 10:00 at U5: <\/strong>Universit\u00e4tsstra\u00dfe 5 (Near Schottentor\/University main building)<br \/>\nAt least one person of every affiliation group should attend the briefing.<br \/>\n<strong>Meeting point for the action is at 11:55 at Heldenplatz.<\/strong> We will take part in the strike for climate, but after leaving Heldenplatz we will begin our own day of action instead of following the procession.<br \/>\n<strong>The debriefing will take place from 16:00 at Salztorbr\u00fccke<\/strong>, where we will stay until 19:00. All those who are interested in getting to know Extinction Rebellion, or those who want to learn more about the urgency of the climate and ecological crises are welcome to join us and get informed.<\/p>\n<p>&nbsp;<\/p>\n<p><strong><img loading=\"lazy\" decoding=\"async\" class=\"alignleft wp-image-4232 \" src=\"https:\/\/klimacamp.at\/wp-content\/uploads\/2019\/05\/Jugendaktionstag.png\" alt=\"\" width=\"124\" height=\"124\" srcset=\"https:\/\/klimacamp.at\/wp-content\/uploads\/2019\/05\/Jugendaktionstag.png 1080w, https:\/\/klimacamp.at\/wp-content\/uploads\/2019\/05\/Jugendaktionstag-150x150.png 150w, https:\/\/klimacamp.at\/wp-content\/uploads\/2019\/05\/Jugendaktionstag-300x300.png 300w, https:\/\/klimacamp.at\/wp-content\/uploads\/2019\/05\/Jugendaktionstag-768x768.png 768w, https:\/\/klimacamp.at\/wp-content\/uploads\/2019\/05\/Jugendaktionstag-1024x1024.png 1024w\" sizes=\"auto, (max-width: 124px) 100vw, 124px\" \/>Children and Youth Action: <\/strong><a href=\"https:\/\/klimacamp.at\/children-and-youth-action\/?lang=en\">For all the children in the world. Hand in hand for a better future<\/a><\/p>\n<p>We want to give a voice to the thoughts, ideas, feelings, hopes and fears of children directly affected by the climate crisis. Children from Vienna read messages from affected children from the Global South.<\/p>\n<p>Meeting place: 14.30 Votivpark (Sigmund Freud park) \u2013 metro U2 Schottentor<\/p>\n<p>&nbsp;<\/p>\n<p><img loading=\"lazy\" decoding=\"async\" class=\"wp-image-4324 alignleft\" src=\"https:\/\/klimacamp.at\/wp-content\/uploads\/2019\/05\/Screen-Shot-2019-05-24-at-08.37.34.png\" alt=\"\" width=\"164\" height=\"115\" srcset=\"https:\/\/klimacamp.at\/wp-content\/uploads\/2019\/05\/Screen-Shot-2019-05-24-at-08.37.34.png 1080w, https:\/\/klimacamp.at\/wp-content\/uploads\/2019\/05\/Screen-Shot-2019-05-24-at-08.37.34-300x210.png 300w, https:\/\/klimacamp.at\/wp-content\/uploads\/2019\/05\/Screen-Shot-2019-05-24-at-08.37.34-768x537.png 768w, https:\/\/klimacamp.at\/wp-content\/uploads\/2019\/05\/Screen-Shot-2019-05-24-at-08.37.34-1024x716.png 1024w\" sizes=\"auto, (max-width: 164px) 100vw, 164px\" \/><\/p>\n<p><a href=\"http:\/\/www.ern\u00e4hrungssouver\u00e4nit\u00e4t.at\"><strong>#Farmers for Future<\/strong><\/a><\/p>\n<p>The climate crisis clearly shows that things cannot go on like this! Instead of creating an ever better climate for corporations, we finally need space for alternatives! Living in times of the climate crisis, we do not want depend on these players. Furthermore, corporations with special rights of action in trade and investment agreements (ISDS) can undermine regulations to protect the environment and the climate. What we want to express in this action is that there are alternatives and they must be democratic. Therefore we call participation for!<\/p>\n<p>Meeting place: 10.00 at <strong>Friedrich-Wilhelm-Raiffeisenplatz<\/strong> 1<\/p>\n<p>&nbsp;<\/p>\n<p><strong><img loading=\"lazy\" decoding=\"async\" class=\"wp-image-2068 alignleft\" src=\"https:\/\/klimacamp.at\/wp-content\/uploads\/2019\/05\/Schaf-am-Rad.jpg\" alt=\"\" width=\"106\" height=\"70\" srcset=\"https:\/\/klimacamp.at\/wp-content\/uploads\/2019\/05\/Schaf-am-Rad.jpg 1080w, https:\/\/klimacamp.at\/wp-content\/uploads\/2019\/05\/Schaf-am-Rad-300x200.jpg 300w, https:\/\/klimacamp.at\/wp-content\/uploads\/2019\/05\/Schaf-am-Rad-768x513.jpg 768w, https:\/\/klimacamp.at\/wp-content\/uploads\/2019\/05\/Schaf-am-Rad-1024x684.jpg 1024w\" sizes=\"auto, (max-width: 106px) 100vw, 106px\" \/><\/strong><\/p>\n<p><strong>Critical Mass for Climate Justice<\/strong><strong>: For a car-free city!<\/strong><br \/>\nBike ride action: In the context of the Day of Action we will show &#8211; as a critical mass for sustainable mobility &#8211; to whom the city belongs.<\/p>\n<p>Meeting place: 13.00 at <strong>Schwarzenbergplatz<\/strong> next to the fountain<\/p>\n<p>&nbsp;<\/p>\n<p><img loading=\"lazy\" decoding=\"async\" class=\"alignnone wp-image-868 \" src=\"https:\/\/klimacamp.at\/wp-content\/uploads\/2019\/04\/aktiontag_druck.jpg\" alt=\"\" width=\"476\" height=\"476\" srcset=\"https:\/\/klimacamp.at\/wp-content\/uploads\/2019\/04\/aktiontag_druck.jpg 1080w, https:\/\/klimacamp.at\/wp-content\/uploads\/2019\/04\/aktiontag_druck-150x150.jpg 150w, https:\/\/klimacamp.at\/wp-content\/uploads\/2019\/04\/aktiontag_druck-300x300.jpg 300w, https:\/\/klimacamp.at\/wp-content\/uploads\/2019\/04\/aktiontag_druck-768x768.jpg 768w, https:\/\/klimacamp.at\/wp-content\/uploads\/2019\/04\/aktiontag_druck-1024x1024.jpg 1024w\" sizes=\"auto, (max-width: 476px) 100vw, 476px\" \/> <img loading=\"lazy\" decoding=\"async\" class=\"alignnone wp-image-878 \" src=\"https:\/\/klimacamp.at\/wp-content\/uploads\/2019\/04\/aktiontag_druck2.jpg\" alt=\"\" width=\"479\" height=\"479\" srcset=\"https:\/\/klimacamp.at\/wp-content\/uploads\/2019\/04\/aktiontag_druck2.jpg 1080w, https:\/\/klimacamp.at\/wp-content\/uploads\/2019\/04\/aktiontag_druck2-150x150.jpg 150w, https:\/\/klimacamp.at\/wp-content\/uploads\/2019\/04\/aktiontag_druck2-300x300.jpg 300w, https:\/\/klimacamp.at\/wp-content\/uploads\/2019\/04\/aktiontag_druck2-768x768.jpg 768w, https:\/\/klimacamp.at\/wp-content\/uploads\/2019\/04\/aktiontag_druck2-1024x1024.jpg 1024w\" sizes=\"auto, (max-width: 479px) 100vw, 479px\" \/><\/p>\n","protected":false},"excerpt":{"rendered":"<p>The traffic is Austria&#8217;s biggest climate killer. Stench of exhaust, car noise, completely parked areas. More and more space is still be created for cars, whereas people are expelled from the city centre by excessive rents and have to commute by car. Still\u00a0 incredible amounts of money and resources are being invested in the preservation [&hellip;]<\/p>\n","protected":false},"author":1,"featured_media":0,"parent":0,"menu_order":0,"comment_status":"closed","ping_status":"closed","template":"","meta":{"_acf_changed":false,"inline_featured_image":false,"footnotes":""},"class_list":["post-1143","page","type-page","status-publish","hentry"],"acf":[],"_links":{"self":[{"href":"https:\/\/klimacamp.at\/en\/wp-json\/wp\/v2\/pages\/1143","targetHints":{"allow":["GET"]}}],"collection":[{"href":"https:\/\/klimacamp.at\/en\/wp-json\/wp\/v2\/pages"}],"about":[{"href":"https:\/\/klimacamp.at\/en\/wp-json\/wp\/v2\/types\/page"}],"author":[{"embeddable":true,"href":"https:\/\/klimacamp.at\/en\/wp-json\/wp\/v2\/users\/1"}],"replies":[{"embeddable":true,"href":"https:\/\/klimacamp.at\/en\/wp-json\/wp\/v2\/comments?post=1143"}],"version-history":[{"count":14,"href":"https:\/\/klimacamp.at\/en\/wp-json\/wp\/v2\/pages\/1143\/revisions"}],"predecessor-version":[{"id":4601,"href":"https:\/\/klimacamp.at\/en\/wp-json\/wp\/v2\/pages\/1143\/revisions\/4601"}],"wp:attachment":[{"href":"https:\/\/klimacamp.at\/en\/wp-json\/wp\/v2\/media?parent=1143"}],"curies":[{"name":"wp","href":"https:\/\/api.w.org\/{rel}","templated":true}]}}