{"id":1023,"date":"2019-04-07T19:53:29","date_gmt":"2019-04-07T17:53:29","guid":{"rendered":"https:\/\/klimacamp.at\/?page_id=1023"},"modified":"2020-02-17T17:24:35","modified_gmt":"2020-02-17T16:24:35","slug":"liste-der-unterstuetzerinnen","status":"publish","type":"page","link":"https:\/\/klimacamp.at\/en\/liste-der-unterstuetzerinnen\/","title":{"rendered":"Liste der Unterst\u00fctzer*innen 2019"},"content":{"rendered":"<p>Wir sind allen Unterst\u00fctzer*innen &#8211; egal ob finanziell, materiell oder ideell, sehr dankbar und m\u00f6chten ihnen hier Sichtbarkeit und Annerkennung geben!<\/p>\n<p>&nbsp;<\/p>\n<p style=\"text-align: center;\"><strong>Finanzielle Unterst\u00fctzung<\/strong>:<\/p>\n<p><img loading=\"lazy\" decoding=\"async\" class=\"wp-image-1055 alignleft\" src=\"https:\/\/klimacamp.at\/wp-content\/uploads\/2019\/04\/start-the-change-300x186.png\" alt=\"\" width=\"177\" height=\"110\" srcset=\"https:\/\/klimacamp.at\/wp-content\/uploads\/2019\/04\/start-the-change-300x186.png 300w, https:\/\/klimacamp.at\/wp-content\/uploads\/2019\/04\/start-the-change-768x477.png 768w, https:\/\/klimacamp.at\/wp-content\/uploads\/2019\/04\/start-the-change-1024x636.png 1024w, https:\/\/klimacamp.at\/wp-content\/uploads\/2019\/04\/start-the-change.png 1288w\" sizes=\"auto, (max-width: 177px) 100vw, 177px\" \/><img loading=\"lazy\" decoding=\"async\" class=\"alignnone wp-image-1024\" src=\"https:\/\/klimacamp.at\/wp-content\/uploads\/2019\/04\/Boku-wien1-300x300.png\" alt=\"\" width=\"124\" height=\"124\" srcset=\"https:\/\/klimacamp.at\/wp-content\/uploads\/2019\/04\/Boku-wien1-300x300.png 300w, https:\/\/klimacamp.at\/wp-content\/uploads\/2019\/04\/Boku-wien1-150x150.png 150w, https:\/\/klimacamp.at\/wp-content\/uploads\/2019\/04\/Boku-wien1.png 700w\" sizes=\"auto, (max-width: 124px) 100vw, 124px\" \/> <img loading=\"lazy\" decoding=\"async\" class=\"alignnone wp-image-1034\" src=\"https:\/\/klimacamp.at\/wp-content\/uploads\/2019\/04\/oeh_univie-logo_png-300x251.png\" alt=\"\" width=\"135\" height=\"113\" srcset=\"https:\/\/klimacamp.at\/wp-content\/uploads\/2019\/04\/oeh_univie-logo_png-300x251.png 300w, https:\/\/klimacamp.at\/wp-content\/uploads\/2019\/04\/oeh_univie-logo_png-768x643.png 768w, https:\/\/klimacamp.at\/wp-content\/uploads\/2019\/04\/oeh_univie-logo_png.png 800w\" sizes=\"auto, (max-width: 135px) 100vw, 135px\" \/> <img loading=\"lazy\" decoding=\"async\" class=\"alignnone wp-image-1044\" src=\"https:\/\/klimacamp.at\/wp-content\/uploads\/2019\/04\/O\u0308H-Logo.svg-300x167.png\" alt=\"\" width=\"188\" height=\"105\" srcset=\"https:\/\/klimacamp.at\/wp-content\/uploads\/2019\/04\/O\u0308H-Logo.svg-300x167.png 300w, https:\/\/klimacamp.at\/wp-content\/uploads\/2019\/04\/O\u0308H-Logo.svg-768x428.png 768w, https:\/\/klimacamp.at\/wp-content\/uploads\/2019\/04\/O\u0308H-Logo.svg-1024x570.png 1024w, https:\/\/klimacamp.at\/wp-content\/uploads\/2019\/04\/O\u0308H-Logo.svg.png 1200w\" sizes=\"auto, (max-width: 188px) 100vw, 188px\" \/><img loading=\"lazy\" decoding=\"async\" class=\"alignnone wp-image-4159\" src=\"https:\/\/klimacamp.at\/wp-content\/uploads\/2019\/05\/Het-X-Y-Actiefonds-logo-red-300x300.png\" alt=\"\" width=\"119\" height=\"119\" srcset=\"https:\/\/klimacamp.at\/wp-content\/uploads\/2019\/05\/Het-X-Y-Actiefonds-logo-red-300x300.png 300w, https:\/\/klimacamp.at\/wp-content\/uploads\/2019\/05\/Het-X-Y-Actiefonds-logo-red-150x150.png 150w, https:\/\/klimacamp.at\/wp-content\/uploads\/2019\/05\/Het-X-Y-Actiefonds-logo-red.png 511w\" sizes=\"auto, (max-width: 119px) 100vw, 119px\" \/> <img loading=\"lazy\" decoding=\"async\" class=\"alignnone wp-image-4172\" src=\"https:\/\/klimacamp.at\/wp-content\/uploads\/2019\/05\/lush-300x81.png\" alt=\"\" width=\"167\" height=\"45\" srcset=\"https:\/\/klimacamp.at\/wp-content\/uploads\/2019\/05\/lush-300x81.png 300w, https:\/\/klimacamp.at\/wp-content\/uploads\/2019\/05\/lush.png 637w\" sizes=\"auto, (max-width: 167px) 100vw, 167px\" \/><\/p>\n<p><a href=\"https:\/\/www.suedwind.at\/bilden\/schulen\/projekte\/start-the-change\/\">Start the Change, S\u00fcdwind<\/a> \u00a0\u00a0\u00a0\u00a0\u00a0 <a href=\"https:\/\/www.oehboku.at\/\">\u00d6H BOKU<\/a> \u00a0\u00a0\u00a0\u00a0\u00a0\u00a0\u00a0\u00a0\u00a0\u00a0 <a href=\"https:\/\/www.oeh.univie.ac.at\/\">\u00d6H Uni Wien<\/a> \u00a0 \u00a0\u00a0\u00a0\u00a0\u00a0\u00a0\u00a0<a href=\"https:\/\/www.oeh.ac.at\/en\/die-bundesvertretung\"> \u00d6H Bundesvertretung<\/a> \u00a0\u00a0\u00a0\u00a0\u00a0\u00a0\u00a0\u00a0\u00a0 <a href=\"https:\/\/hetactiefonds.nl\/\">x minus y\u00a0<\/a> \u00a0\u00a0\u00a0\u00a0\u00a0\u00a0\u00a0\u00a0\u00a0\u00a0 <a href=\"https:\/\/at.lush.com\/artikel\/charity-pot\">Lush Charity Pot<\/a><\/p>\n<p><img loading=\"lazy\" decoding=\"async\" class=\"alignnone wp-image-4185\" src=\"https:\/\/klimacamp.at\/wp-content\/uploads\/2019\/05\/DKA-Logo-300x62.png\" alt=\"\" width=\"217\" height=\"45\" srcset=\"https:\/\/klimacamp.at\/wp-content\/uploads\/2019\/05\/DKA-Logo-300x62.png 300w, https:\/\/klimacamp.at\/wp-content\/uploads\/2019\/05\/DKA-Logo.png 748w\" sizes=\"auto, (max-width: 217px) 100vw, 217px\" \/><\/p>\n<p><a href=\"https:\/\/www.dka.at\/\">Drei K\u00f6nigsaktion<\/a><\/p>\n<p>&nbsp;<\/p>\n<p><strong>Au\u00dferdem danke an<\/strong>:<\/p>\n<ul>\n<li>Studienvertretung Physik Roter Vektor<\/li>\n<li>Bagru Internationale Entwicklung<\/li>\n<li>Studienvertretung Psychologie<\/li>\n<li>alle <a href=\"https:\/\/klimacamp.at\/mitmachen\/spenden\/\">Spender*innen \u00fcber die Website<\/a><\/li>\n<\/ul>\n<p>&nbsp;<\/p>\n<p>&nbsp;<\/p>\n<p style=\"text-align: center;\"><strong>Kooperationen, g\u00fcnstige Nutzungsvereinbarungen, sonstige Unterst\u00fctzung<\/strong>:<\/p>\n<p><img loading=\"lazy\" decoding=\"async\" class=\"wp-image-723 alignleft\" src=\"https:\/\/klimacamp.at\/wp-content\/uploads\/2019\/03\/logo-300x281.png\" alt=\"\" width=\"133\" height=\"124\" srcset=\"https:\/\/klimacamp.at\/wp-content\/uploads\/2019\/03\/logo-300x281.png 300w, https:\/\/klimacamp.at\/wp-content\/uploads\/2019\/03\/logo.png 642w\" sizes=\"auto, (max-width: 133px) 100vw, 133px\" \/><\/p>\n<p>&nbsp;<\/p>\n<p><a href=\"http:\/\/systemchange-not-climatechange.at\/\"><strong>System Change, not Climate Change!<\/strong><\/a><br \/>\nf\u00fcr unkompliziertes Vorfinanzieren, die Mitn\u00fctzung von R\u00e4umen und Materialien und eine enge Kooperation<\/p>\n<p>&nbsp;<\/p>\n<p>&nbsp;<\/p>\n<p><img loading=\"lazy\" decoding=\"async\" class=\"wp-image-1512 alignleft\" src=\"https:\/\/klimacamp.at\/wp-content\/uploads\/2019\/04\/m.png\" alt=\"\" width=\"129\" height=\"129\" srcset=\"https:\/\/klimacamp.at\/wp-content\/uploads\/2019\/04\/m.png 400w, https:\/\/klimacamp.at\/wp-content\/uploads\/2019\/04\/m-150x150.png 150w, https:\/\/klimacamp.at\/wp-content\/uploads\/2019\/04\/m-300x300.png 300w\" sizes=\"auto, (max-width: 129px) 100vw, 129px\" \/><\/p>\n<p>&nbsp;<\/p>\n<p><a href=\"https:\/\/www.facebook.com\/minimalkitchen\/\"><strong>minimal.is.muss<\/strong><\/a><br \/>\nf\u00fcr leckeres Essen und viele tolle Infrastruktur und Logistik!<\/p>\n<p>&nbsp;<\/p>\n<p>&nbsp;<\/p>\n<p><img loading=\"lazy\" decoding=\"async\" class=\"wp-image-1065 alignleft\" src=\"https:\/\/klimacamp.at\/wp-content\/uploads\/2019\/04\/Screen-Shot-2019-04-07-at-19.42.10.png\" alt=\"\" width=\"148\" height=\"81\" \/><\/p>\n<p>&nbsp;<\/p>\n<p><a href=\"https:\/\/oeklo.at\"><strong>\u00d6klo<\/strong><\/a><br \/>\nf\u00fcr ein sehr entgegenkommendes Angebot, ein tolles Service und die Bereitschaft mit uns neue Dinge auszuprobieren.<\/p>\n<p>&nbsp;<\/p>\n<p><img loading=\"lazy\" decoding=\"async\" class=\"size-medium wp-image-1076 alignleft\" src=\"https:\/\/klimacamp.at\/wp-content\/uploads\/2019\/04\/Screen-Shot-2019-04-07-at-19.47.46-300x89.png\" alt=\"\" width=\"300\" height=\"89\" srcset=\"https:\/\/klimacamp.at\/wp-content\/uploads\/2019\/04\/Screen-Shot-2019-04-07-at-19.47.46-300x89.png 300w, https:\/\/klimacamp.at\/wp-content\/uploads\/2019\/04\/Screen-Shot-2019-04-07-at-19.47.46.png 456w\" sizes=\"auto, (max-width: 300px) 100vw, 300px\" \/><a href=\"http:\/\/www.livelovefull.com\/munity\/\"><strong>LiveLoveFull<\/strong><\/a><br \/>\nf\u00fcr tatkr\u00e4ftige Unterst\u00fctzung der Kinder- und Familienoase<\/p>\n<p>&nbsp;<\/p>\n<p>&nbsp;<\/p>\n<p><img loading=\"lazy\" decoding=\"async\" class=\"wp-image-4083 alignleft\" src=\"https:\/\/klimacamp.at\/wp-content\/uploads\/2019\/05\/memo.png\" alt=\"\" width=\"181\" height=\"63\" \/><\/p>\n<p><a href=\"https:\/\/www.memo.de\/\" target=\"_blank\" rel=\"noopener noreferrer\"><strong>memo<\/strong><\/a><br \/>\nf\u00fcr die Verg\u00fcnstigungen bei Moderationsmaterial, Klopapier und vielem mehr<\/p>\n<p>&nbsp;<\/p>\n<p><img loading=\"lazy\" decoding=\"async\" class=\" wp-image-4096 alignleft\" src=\"https:\/\/klimacamp.at\/wp-content\/uploads\/2019\/05\/sonett_logo-300x74.png\" alt=\"\" width=\"264\" height=\"65\" srcset=\"https:\/\/klimacamp.at\/wp-content\/uploads\/2019\/05\/sonett_logo-300x74.png 300w, https:\/\/klimacamp.at\/wp-content\/uploads\/2019\/05\/sonett_logo-768x190.png 768w, https:\/\/klimacamp.at\/wp-content\/uploads\/2019\/05\/sonett_logo.png 900w\" sizes=\"auto, (max-width: 264px) 100vw, 264px\" \/><\/p>\n<p><a href=\"https:\/\/www.sonett.eu\/\" target=\"_blank\" rel=\"noopener noreferrer\"><strong>Sonett<\/strong><\/a><br \/>\nf\u00fcr die M\u00f6glichkeit g\u00fcnstig \u00f6kologische und biologisch abbaubare Seife und Reinigungsmittel zu bestellen<\/p>\n<p>&nbsp;<\/p>\n<p>&#8220;All cr\u00eapes are beautiful&#8221; und &#8220;les WestSideBatards&#8221; f\u00fcr Crepes und frisches Brot<\/p>\n<p><img loading=\"lazy\" decoding=\"async\" class=\"wp-image-4450 alignleft\" src=\"https:\/\/klimacamp.at\/wp-content\/uploads\/2019\/05\/sojarei-300x288.png\" alt=\"\" width=\"131\" height=\"126\" srcset=\"https:\/\/klimacamp.at\/wp-content\/uploads\/2019\/05\/sojarei-300x288.png 300w, https:\/\/klimacamp.at\/wp-content\/uploads\/2019\/05\/sojarei-768x738.png 768w, https:\/\/klimacamp.at\/wp-content\/uploads\/2019\/05\/sojarei-1024x985.png 1024w, https:\/\/klimacamp.at\/wp-content\/uploads\/2019\/05\/sojarei.png 2048w\" sizes=\"auto, (max-width: 131px) 100vw, 131px\" \/><\/p>\n<p><a href=\"http:\/\/www.sojarei.at\/\">Sojarei<\/a><br \/>\nF\u00fcr 100kg leckeren Tofu!<\/p>\n<p>&nbsp;<\/p>\n<p>&nbsp;<\/p>\n<p>&nbsp;<\/p>\n<p>&nbsp;<\/p>\n","protected":false},"excerpt":{"rendered":"<p>Wir sind allen Unterst\u00fctzer*innen &#8211; egal ob finanziell, materiell oder ideell, sehr dankbar und m\u00f6chten ihnen hier Sichtbarkeit und Annerkennung geben! &nbsp; Finanzielle Unterst\u00fctzung: Start the Change, S\u00fcdwind \u00a0\u00a0\u00a0\u00a0\u00a0 \u00d6H BOKU \u00a0\u00a0\u00a0\u00a0\u00a0\u00a0\u00a0\u00a0\u00a0\u00a0 \u00d6H Uni Wien \u00a0 \u00a0\u00a0\u00a0\u00a0\u00a0\u00a0\u00a0 \u00d6H Bundesvertretung \u00a0\u00a0\u00a0\u00a0\u00a0\u00a0\u00a0\u00a0\u00a0 x minus y\u00a0 \u00a0\u00a0\u00a0\u00a0\u00a0\u00a0\u00a0\u00a0\u00a0\u00a0 Lush Charity Pot Drei K\u00f6nigsaktion &nbsp; Au\u00dferdem danke an: Studienvertretung Physik [&hellip;]<\/p>\n","protected":false},"author":1,"featured_media":0,"parent":0,"menu_order":0,"comment_status":"closed","ping_status":"closed","template":"","meta":{"_acf_changed":false,"inline_featured_image":false,"footnotes":""},"class_list":["post-1023","page","type-page","status-publish","hentry"],"acf":[],"_links":{"self":[{"href":"https:\/\/klimacamp.at\/en\/wp-json\/wp\/v2\/pages\/1023","targetHints":{"allow":["GET"]}}],"collection":[{"href":"https:\/\/klimacamp.at\/en\/wp-json\/wp\/v2\/pages"}],"about":[{"href":"https:\/\/klimacamp.at\/en\/wp-json\/wp\/v2\/types\/page"}],"author":[{"embeddable":true,"href":"https:\/\/klimacamp.at\/en\/wp-json\/wp\/v2\/users\/1"}],"replies":[{"embeddable":true,"href":"https:\/\/klimacamp.at\/en\/wp-json\/wp\/v2\/comments?post=1023"}],"version-history":[{"count":16,"href":"https:\/\/klimacamp.at\/en\/wp-json\/wp\/v2\/pages\/1023\/revisions"}],"predecessor-version":[{"id":5665,"href":"https:\/\/klimacamp.at\/en\/wp-json\/wp\/v2\/pages\/1023\/revisions\/5665"}],"wp:attachment":[{"href":"https:\/\/klimacamp.at\/en\/wp-json\/wp\/v2\/media?parent=1023"}],"curies":[{"name":"wp","href":"https:\/\/api.w.org\/{rel}","templated":true}]}}